{"id":926,"date":"2025-05-13T18:40:58","date_gmt":"2025-05-13T18:40:58","guid":{"rendered":"https:\/\/cplaart.com\/?post_type=product&#038;p=926"},"modified":"2025-10-08T16:22:53","modified_gmt":"2025-10-08T16:22:53","slug":"mas-alla-del-borde","status":"publish","type":"product","link":"https:\/\/cplaart.com\/es_es\/product\/mas-alla-del-borde\/","title":{"rendered":"MAS ALL\u00c1 DEL BORDE"},"content":{"rendered":"<p><span style=\"font-family: Swis721 BT, serif;\"><span lang=\"es-ES\">(2024) Peine Del Viento. Una obra en la que Carlos Pla desentra\u00f1a el paisaje como s\u00edmbolo po\u00e9tico. \u201cAll\u00ed donde los ojos se pierden en el vaiv\u00e9n del oc\u00e9ano, manos met\u00e1licas y oxidadas acarician el viento, so\u00f1ando con calmar su danza salvaje.\u201d<\/span><\/span><\/p>\n","protected":false},"excerpt":{"rendered":"<ul>\n<li>Serie : Limites y Margenes<\/li>\n<li>Categoria: Paisaje<\/li>\n<li>A\u00f1o: 2024<\/li>\n<li>Medidas: 100 x 50cm.<\/li>\n<li>T\u00e9cnica: acr\u00edlico sobre lienzo<\/li>\n<li>Autor: Carlos Pla Struchtemeier<\/li>\n<li>C\u00f3digo: CP-L-LM-002<\/li>\n<li>\n<h3><strong>1375<\/strong>\u20ac<\/h3>\n<\/li>\n<li>\n<h3><strong>1200\u00a3<\/strong><\/h3>\n<\/li>\n<\/ul>\n","protected":false},"featured_media":927,"comment_status":"open","ping_status":"closed","template":"","meta":{"om_disable_all_campaigns":false,"_uag_custom_page_level_css":"","_monsterinsights_skip_tracking":false,"_monsterinsights_sitenote_active":false,"_monsterinsights_sitenote_note":"","_monsterinsights_sitenote_category":0,"site-sidebar-layout":"default","site-content-layout":"","ast-site-content-layout":"default","site-content-style":"default","site-sidebar-style":"default","ast-global-header-display":"","ast-banner-title-visibility":"","ast-main-header-display":"","ast-hfb-above-header-display":"","ast-hfb-below-header-display":"","ast-hfb-mobile-header-display":"","site-post-title":"","ast-breadcrumbs-content":"","ast-featured-img":"","footer-sml-layout":"","theme-transparent-header-meta":"default","adv-header-id-meta":"","stick-header-meta":"","header-above-stick-meta":"","header-main-stick-meta":"","header-below-stick-meta":"","astra-migrate-meta-layouts":"set","ast-page-background-enabled":"default","ast-page-background-meta":{"desktop":{"background-color":"","background-image":"","background-repeat":"repeat","background-position":"center center","background-size":"auto","background-attachment":"scroll","background-type":"","background-media":"","overlay-type":"","overlay-color":"","overlay-opacity":"","overlay-gradient":""},"tablet":{"background-color":"","background-image":"","background-repeat":"repeat","background-position":"center center","background-size":"auto","background-attachment":"scroll","background-type":"","background-media":"","overlay-type":"","overlay-color":"","overlay-opacity":"","overlay-gradient":""},"mobile":{"background-color":"","background-image":"","background-repeat":"repeat","background-position":"center center","background-size":"auto","background-attachment":"scroll","background-type":"","background-media":"","overlay-type":"","overlay-color":"","overlay-opacity":"","overlay-gradient":""}},"ast-content-background-meta":{"desktop":{"background-color":"var(--ast-global-color-5)","background-image":"","background-repeat":"repeat","background-position":"center center","background-size":"auto","background-attachment":"scroll","background-type":"","background-media":"","overlay-type":"","overlay-color":"","overlay-opacity":"","overlay-gradient":""},"tablet":{"background-color":"var(--ast-global-color-5)","background-image":"","background-repeat":"repeat","background-position":"center center","background-size":"auto","background-attachment":"scroll","background-type":"","background-media":"","overlay-type":"","overlay-color":"","overlay-opacity":"","overlay-gradient":""},"mobile":{"background-color":"var(--ast-global-color-5)","background-image":"","background-repeat":"repeat","background-position":"center center","background-size":"auto","background-attachment":"scroll","background-type":"","background-media":"","overlay-type":"","overlay-color":"","overlay-opacity":"","overlay-gradient":""}}},"product_brand":[],"product_cat":[18],"product_tag":[],"class_list":{"0":"post-926","1":"product","2":"type-product","3":"status-publish","4":"has-post-thumbnail","6":"product_cat-paisaje","7":"desktop-align-left","8":"tablet-align-left","9":"mobile-align-left","11":"first","12":"instock","13":"shipping-taxable","14":"product-type-simple"},"aioseo_notices":[],"uagb_featured_image_src":{"full":["https:\/\/cplaart.com\/wp-content\/uploads\/2025\/05\/CP-L-LM-002-Carlos-Pla-Struchtemeier-Artist-MAS-ALLA-DEL-BORDE-Limites-y-Margenes.jpg",1000,1000,false],"thumbnail":["https:\/\/cplaart.com\/wp-content\/uploads\/2025\/05\/CP-L-LM-002-Carlos-Pla-Struchtemeier-Artist-MAS-ALLA-DEL-BORDE-Limites-y-Margenes-150x150.jpg",150,150,true],"medium":["https:\/\/cplaart.com\/wp-content\/uploads\/2025\/05\/CP-L-LM-002-Carlos-Pla-Struchtemeier-Artist-MAS-ALLA-DEL-BORDE-Limites-y-Margenes-300x300.jpg",300,300,true],"medium_large":["https:\/\/cplaart.com\/wp-content\/uploads\/2025\/05\/CP-L-LM-002-Carlos-Pla-Struchtemeier-Artist-MAS-ALLA-DEL-BORDE-Limites-y-Margenes-768x768.jpg",768,768,true],"large":["https:\/\/cplaart.com\/wp-content\/uploads\/2025\/05\/CP-L-LM-002-Carlos-Pla-Struchtemeier-Artist-MAS-ALLA-DEL-BORDE-Limites-y-Margenes.jpg",1000,1000,false],"1536x1536":["https:\/\/cplaart.com\/wp-content\/uploads\/2025\/05\/CP-L-LM-002-Carlos-Pla-Struchtemeier-Artist-MAS-ALLA-DEL-BORDE-Limites-y-Margenes.jpg",1000,1000,false],"2048x2048":["https:\/\/cplaart.com\/wp-content\/uploads\/2025\/05\/CP-L-LM-002-Carlos-Pla-Struchtemeier-Artist-MAS-ALLA-DEL-BORDE-Limites-y-Margenes.jpg",1000,1000,false],"trp-custom-language-flag":["https:\/\/cplaart.com\/wp-content\/uploads\/2025\/05\/CP-L-LM-002-Carlos-Pla-Struchtemeier-Artist-MAS-ALLA-DEL-BORDE-Limites-y-Margenes.jpg",12,12,false],"woocommerce_thumbnail":["https:\/\/cplaart.com\/wp-content\/uploads\/2025\/05\/CP-L-LM-002-Carlos-Pla-Struchtemeier-Artist-MAS-ALLA-DEL-BORDE-Limites-y-Margenes-300x300.jpg",300,300,true],"woocommerce_single":["https:\/\/cplaart.com\/wp-content\/uploads\/2025\/05\/CP-L-LM-002-Carlos-Pla-Struchtemeier-Artist-MAS-ALLA-DEL-BORDE-Limites-y-Margenes-600x600.jpg",600,600,true],"woocommerce_gallery_thumbnail":["https:\/\/cplaart.com\/wp-content\/uploads\/2025\/05\/CP-L-LM-002-Carlos-Pla-Struchtemeier-Artist-MAS-ALLA-DEL-BORDE-Limites-y-Margenes-100x100.jpg",100,100,true]},"uagb_author_info":{"display_name":"Carlos Pla Struchtemeier","author_link":"https:\/\/cplaart.com\/es_es\/author\/"},"uagb_comment_info":0,"uagb_excerpt":"Serie : Limites y Margenes Categoria: Paisaje A\u00f1o: 2024 Medidas: 100 x 50cm. T\u00e9cnica: acr\u00edlico sobre lienzo Autor: Carlos Pla Struchtemeier C\u00f3digo: CP-L-LM-002 1375\u20ac 1200\u00a3","_links":{"self":[{"href":"https:\/\/cplaart.com\/es_es\/wp-json\/wp\/v2\/product\/926","targetHints":{"allow":["GET"]}}],"collection":[{"href":"https:\/\/cplaart.com\/es_es\/wp-json\/wp\/v2\/product"}],"about":[{"href":"https:\/\/cplaart.com\/es_es\/wp-json\/wp\/v2\/types\/product"}],"replies":[{"embeddable":true,"href":"https:\/\/cplaart.com\/es_es\/wp-json\/wp\/v2\/comments?post=926"}],"wp:featuredmedia":[{"embeddable":true,"href":"https:\/\/cplaart.com\/es_es\/wp-json\/wp\/v2\/media\/927"}],"wp:attachment":[{"href":"https:\/\/cplaart.com\/es_es\/wp-json\/wp\/v2\/media?parent=926"}],"wp:term":[{"taxonomy":"product_brand","embeddable":true,"href":"https:\/\/cplaart.com\/es_es\/wp-json\/wp\/v2\/product_brand?post=926"},{"taxonomy":"product_cat","embeddable":true,"href":"https:\/\/cplaart.com\/es_es\/wp-json\/wp\/v2\/product_cat?post=926"},{"taxonomy":"product_tag","embeddable":true,"href":"https:\/\/cplaart.com\/es_es\/wp-json\/wp\/v2\/product_tag?post=926"}],"curies":[{"name":"wp","href":"https:\/\/api.w.org\/{rel}","templated":true}]}}