{"id":897,"date":"2025-05-04T12:30:00","date_gmt":"2025-05-04T12:30:00","guid":{"rendered":"https:\/\/cplaart.com\/?post_type=product&#038;p=897"},"modified":"2025-10-08T16:27:19","modified_gmt":"2025-10-08T16:27:19","slug":"desde-el-tenis","status":"publish","type":"product","link":"https:\/\/cplaart.com\/es_es\/product\/desde-el-tenis\/","title":{"rendered":"DESDE EL TENIS"},"content":{"rendered":"<p><span style=\"font-family: Swis721 BT, serif;\"><span lang=\"es-ES\">Desde el extremo occidental de la bah\u00eda, se despliega una vista lineal del casco urbano donostiarra, suavemente iluminado por los tonos c\u00e1lidos del atardecer <\/span><\/span><\/p>\n","protected":false},"excerpt":{"rendered":"<ul>\n<li>Serie : San Sebastian &#8211; Donostia<\/li>\n<li>Categoria: Paisaje<\/li>\n<li>A\u00f1o: 2024<\/li>\n<li>Medidas: 30 x 100cm<\/li>\n<li>T\u00e9cnica: acr\u00edlico sobre lienzo<\/li>\n<li>Autor: Carlos Pla Struchtemeier<\/li>\n<li>C\u00f3digo: CP-L-SS-002<\/li>\n<li>\n<h3><strong>825<\/strong>\u20ac<\/h3>\n<\/li>\n<li>\n<h3><strong>720\u00a3<\/strong><\/h3>\n<\/li>\n<\/ul>\n","protected":false},"featured_media":898,"comment_status":"open","ping_status":"closed","template":"","meta":{"om_disable_all_campaigns":false,"_uag_custom_page_level_css":"","_monsterinsights_skip_tracking":false,"_monsterinsights_sitenote_active":false,"_monsterinsights_sitenote_note":"","_monsterinsights_sitenote_category":0,"site-sidebar-layout":"default","site-content-layout":"","ast-site-content-layout":"default","site-content-style":"default","site-sidebar-style":"default","ast-global-header-display":"","ast-banner-title-visibility":"","ast-main-header-display":"","ast-hfb-above-header-display":"","ast-hfb-below-header-display":"","ast-hfb-mobile-header-display":"","site-post-title":"","ast-breadcrumbs-content":"","ast-featured-img":"","footer-sml-layout":"","theme-transparent-header-meta":"default","adv-header-id-meta":"","stick-header-meta":"","header-above-stick-meta":"","header-main-stick-meta":"","header-below-stick-meta":"","astra-migrate-meta-layouts":"set","ast-page-background-enabled":"default","ast-page-background-meta":{"desktop":{"background-color":"","background-image":"","background-repeat":"repeat","background-position":"center center","background-size":"auto","background-attachment":"scroll","background-type":"","background-media":"","overlay-type":"","overlay-color":"","overlay-opacity":"","overlay-gradient":""},"tablet":{"background-color":"","background-image":"","background-repeat":"repeat","background-position":"center center","background-size":"auto","background-attachment":"scroll","background-type":"","background-media":"","overlay-type":"","overlay-color":"","overlay-opacity":"","overlay-gradient":""},"mobile":{"background-color":"","background-image":"","background-repeat":"repeat","background-position":"center center","background-size":"auto","background-attachment":"scroll","background-type":"","background-media":"","overlay-type":"","overlay-color":"","overlay-opacity":"","overlay-gradient":""}},"ast-content-background-meta":{"desktop":{"background-color":"var(--ast-global-color-5)","background-image":"","background-repeat":"repeat","background-position":"center center","background-size":"auto","background-attachment":"scroll","background-type":"","background-media":"","overlay-type":"","overlay-color":"","overlay-opacity":"","overlay-gradient":""},"tablet":{"background-color":"var(--ast-global-color-5)","background-image":"","background-repeat":"repeat","background-position":"center center","background-size":"auto","background-attachment":"scroll","background-type":"","background-media":"","overlay-type":"","overlay-color":"","overlay-opacity":"","overlay-gradient":""},"mobile":{"background-color":"var(--ast-global-color-5)","background-image":"","background-repeat":"repeat","background-position":"center center","background-size":"auto","background-attachment":"scroll","background-type":"","background-media":"","overlay-type":"","overlay-color":"","overlay-opacity":"","overlay-gradient":""}}},"product_brand":[],"product_cat":[18],"product_tag":[],"class_list":{"0":"post-897","1":"product","2":"type-product","3":"status-publish","4":"has-post-thumbnail","6":"product_cat-paisaje","7":"desktop-align-left","8":"tablet-align-left","9":"mobile-align-left","11":"first","12":"instock","13":"shipping-taxable","14":"product-type-simple"},"aioseo_notices":[],"uagb_featured_image_src":{"full":["https:\/\/cplaart.com\/wp-content\/uploads\/2025\/05\/CP-L-SS-002-Carlos-Pla-Struchtemeier-Artist-DESDE-EL-TENIS-San-Sebastian-Donostia.jpg",1000,1000,false],"thumbnail":["https:\/\/cplaart.com\/wp-content\/uploads\/2025\/05\/CP-L-SS-002-Carlos-Pla-Struchtemeier-Artist-DESDE-EL-TENIS-San-Sebastian-Donostia-150x150.jpg",150,150,true],"medium":["https:\/\/cplaart.com\/wp-content\/uploads\/2025\/05\/CP-L-SS-002-Carlos-Pla-Struchtemeier-Artist-DESDE-EL-TENIS-San-Sebastian-Donostia-300x300.jpg",300,300,true],"medium_large":["https:\/\/cplaart.com\/wp-content\/uploads\/2025\/05\/CP-L-SS-002-Carlos-Pla-Struchtemeier-Artist-DESDE-EL-TENIS-San-Sebastian-Donostia-768x768.jpg",768,768,true],"large":["https:\/\/cplaart.com\/wp-content\/uploads\/2025\/05\/CP-L-SS-002-Carlos-Pla-Struchtemeier-Artist-DESDE-EL-TENIS-San-Sebastian-Donostia.jpg",1000,1000,false],"1536x1536":["https:\/\/cplaart.com\/wp-content\/uploads\/2025\/05\/CP-L-SS-002-Carlos-Pla-Struchtemeier-Artist-DESDE-EL-TENIS-San-Sebastian-Donostia.jpg",1000,1000,false],"2048x2048":["https:\/\/cplaart.com\/wp-content\/uploads\/2025\/05\/CP-L-SS-002-Carlos-Pla-Struchtemeier-Artist-DESDE-EL-TENIS-San-Sebastian-Donostia.jpg",1000,1000,false],"trp-custom-language-flag":["https:\/\/cplaart.com\/wp-content\/uploads\/2025\/05\/CP-L-SS-002-Carlos-Pla-Struchtemeier-Artist-DESDE-EL-TENIS-San-Sebastian-Donostia.jpg",12,12,false],"woocommerce_thumbnail":["https:\/\/cplaart.com\/wp-content\/uploads\/2025\/05\/CP-L-SS-002-Carlos-Pla-Struchtemeier-Artist-DESDE-EL-TENIS-San-Sebastian-Donostia-300x300.jpg",300,300,true],"woocommerce_single":["https:\/\/cplaart.com\/wp-content\/uploads\/2025\/05\/CP-L-SS-002-Carlos-Pla-Struchtemeier-Artist-DESDE-EL-TENIS-San-Sebastian-Donostia-600x600.jpg",600,600,true],"woocommerce_gallery_thumbnail":["https:\/\/cplaart.com\/wp-content\/uploads\/2025\/05\/CP-L-SS-002-Carlos-Pla-Struchtemeier-Artist-DESDE-EL-TENIS-San-Sebastian-Donostia-100x100.jpg",100,100,true]},"uagb_author_info":{"display_name":"Carlos Pla Struchtemeier","author_link":"https:\/\/cplaart.com\/es_es\/author\/"},"uagb_comment_info":0,"uagb_excerpt":"Serie : San Sebastian - Donostia Categoria: Paisaje A\u00f1o: 2024 Medidas: 30 x 100cm T\u00e9cnica: acr\u00edlico sobre lienzo Autor: Carlos Pla Struchtemeier C\u00f3digo: CP-L-SS-002 825\u20ac 720\u00a3","_links":{"self":[{"href":"https:\/\/cplaart.com\/es_es\/wp-json\/wp\/v2\/product\/897","targetHints":{"allow":["GET"]}}],"collection":[{"href":"https:\/\/cplaart.com\/es_es\/wp-json\/wp\/v2\/product"}],"about":[{"href":"https:\/\/cplaart.com\/es_es\/wp-json\/wp\/v2\/types\/product"}],"replies":[{"embeddable":true,"href":"https:\/\/cplaart.com\/es_es\/wp-json\/wp\/v2\/comments?post=897"}],"wp:featuredmedia":[{"embeddable":true,"href":"https:\/\/cplaart.com\/es_es\/wp-json\/wp\/v2\/media\/898"}],"wp:attachment":[{"href":"https:\/\/cplaart.com\/es_es\/wp-json\/wp\/v2\/media?parent=897"}],"wp:term":[{"taxonomy":"product_brand","embeddable":true,"href":"https:\/\/cplaart.com\/es_es\/wp-json\/wp\/v2\/product_brand?post=897"},{"taxonomy":"product_cat","embeddable":true,"href":"https:\/\/cplaart.com\/es_es\/wp-json\/wp\/v2\/product_cat?post=897"},{"taxonomy":"product_tag","embeddable":true,"href":"https:\/\/cplaart.com\/es_es\/wp-json\/wp\/v2\/product_tag?post=897"}],"curies":[{"name":"wp","href":"https:\/\/api.w.org\/{rel}","templated":true}]}}