{"id":877,"date":"2025-05-04T10:17:09","date_gmt":"2025-05-04T10:17:09","guid":{"rendered":"https:\/\/cplaart.com\/?post_type=product&#038;p=877"},"modified":"2025-10-08T16:11:28","modified_gmt":"2025-10-08T16:11:28","slug":"emocion","status":"publish","type":"product","link":"https:\/\/cplaart.com\/es_es\/product\/emocion\/","title":{"rendered":"ORDEN"},"content":{"rendered":"<p>\u00abCAOS, CREATIVIDAD, ORDEN \u00bb (2024)<br \/>\nToda creaci\u00f3n nace en el borde del caos. Es en ese espacio incierto, confuso y libre donde las ideas germinan. Luego, poco a poco, se modelan, encuentran estructura y se transforman en orden. A veces, el orden da paso nuevamente al caos, generando un ciclo vital e interpretativo.<br \/>\nEste fen\u00f3meno se encapsula en el concepto de caordia: una fusi\u00f3n de caos y orden que define sistemas din\u00e1micos e impredecibles. En un entorno ca\u00f3rdico, la innovaci\u00f3n florece precisamente porque no todo est\u00e1 definido: se acepta el cambio como constante y se encuentra equilibrio en la contradicci\u00f3n.<\/p>\n","protected":false},"excerpt":{"rendered":"<ul>\n<li>Serie : sistemas ca\u00f3rdicos<\/li>\n<li>Categoria: Abstracto<\/li>\n<li>A\u00f1o: 2024<\/li>\n<li>Medidas: 61 x 61cm<\/li>\n<li>T\u00e9cnica: acr\u00edlico sobre lienzo.<\/li>\n<li>Autor: Carlos Pla Struchtemeier<\/li>\n<li>C\u00f3digo: CP-A-SM-003<\/li>\n<li>\n<h3><strong>990<\/strong>\u20ac<\/h3>\n<\/li>\n<li>\n<h3><strong>870\u00a3<\/strong><\/h3>\n<\/li>\n<\/ul>\n","protected":false},"featured_media":894,"comment_status":"open","ping_status":"closed","template":"","meta":{"om_disable_all_campaigns":false,"_uag_custom_page_level_css":"","_monsterinsights_skip_tracking":false,"_monsterinsights_sitenote_active":false,"_monsterinsights_sitenote_note":"","_monsterinsights_sitenote_category":0,"site-sidebar-layout":"default","site-content-layout":"","ast-site-content-layout":"default","site-content-style":"default","site-sidebar-style":"default","ast-global-header-display":"","ast-banner-title-visibility":"","ast-main-header-display":"","ast-hfb-above-header-display":"","ast-hfb-below-header-display":"","ast-hfb-mobile-header-display":"","site-post-title":"","ast-breadcrumbs-content":"","ast-featured-img":"","footer-sml-layout":"","theme-transparent-header-meta":"default","adv-header-id-meta":"","stick-header-meta":"","header-above-stick-meta":"","header-main-stick-meta":"","header-below-stick-meta":"","astra-migrate-meta-layouts":"set","ast-page-background-enabled":"default","ast-page-background-meta":{"desktop":{"background-color":"","background-image":"","background-repeat":"repeat","background-position":"center center","background-size":"auto","background-attachment":"scroll","background-type":"","background-media":"","overlay-type":"","overlay-color":"","overlay-opacity":"","overlay-gradient":""},"tablet":{"background-color":"","background-image":"","background-repeat":"repeat","background-position":"center center","background-size":"auto","background-attachment":"scroll","background-type":"","background-media":"","overlay-type":"","overlay-color":"","overlay-opacity":"","overlay-gradient":""},"mobile":{"background-color":"","background-image":"","background-repeat":"repeat","background-position":"center center","background-size":"auto","background-attachment":"scroll","background-type":"","background-media":"","overlay-type":"","overlay-color":"","overlay-opacity":"","overlay-gradient":""}},"ast-content-background-meta":{"desktop":{"background-color":"var(--ast-global-color-5)","background-image":"","background-repeat":"repeat","background-position":"center center","background-size":"auto","background-attachment":"scroll","background-type":"","background-media":"","overlay-type":"","overlay-color":"","overlay-opacity":"","overlay-gradient":""},"tablet":{"background-color":"var(--ast-global-color-5)","background-image":"","background-repeat":"repeat","background-position":"center center","background-size":"auto","background-attachment":"scroll","background-type":"","background-media":"","overlay-type":"","overlay-color":"","overlay-opacity":"","overlay-gradient":""},"mobile":{"background-color":"var(--ast-global-color-5)","background-image":"","background-repeat":"repeat","background-position":"center center","background-size":"auto","background-attachment":"scroll","background-type":"","background-media":"","overlay-type":"","overlay-color":"","overlay-opacity":"","overlay-gradient":""}}},"product_brand":[],"product_cat":[16],"product_tag":[],"class_list":{"0":"post-877","1":"product","2":"type-product","3":"status-publish","4":"has-post-thumbnail","6":"product_cat-abstracto","7":"desktop-align-left","8":"tablet-align-left","9":"mobile-align-left","11":"first","12":"instock","13":"shipping-taxable","14":"product-type-simple"},"aioseo_notices":[],"uagb_featured_image_src":{"full":["https:\/\/cplaart.com\/wp-content\/uploads\/2025\/05\/CP-A-SC-003-Carlos-Pla-Struchtemeier-Artist-ORDEN-Sistemas-Caordicos.jpg",1000,1000,false],"thumbnail":["https:\/\/cplaart.com\/wp-content\/uploads\/2025\/05\/CP-A-SC-003-Carlos-Pla-Struchtemeier-Artist-ORDEN-Sistemas-Caordicos-150x150.jpg",150,150,true],"medium":["https:\/\/cplaart.com\/wp-content\/uploads\/2025\/05\/CP-A-SC-003-Carlos-Pla-Struchtemeier-Artist-ORDEN-Sistemas-Caordicos-300x300.jpg",300,300,true],"medium_large":["https:\/\/cplaart.com\/wp-content\/uploads\/2025\/05\/CP-A-SC-003-Carlos-Pla-Struchtemeier-Artist-ORDEN-Sistemas-Caordicos-768x768.jpg",768,768,true],"large":["https:\/\/cplaart.com\/wp-content\/uploads\/2025\/05\/CP-A-SC-003-Carlos-Pla-Struchtemeier-Artist-ORDEN-Sistemas-Caordicos.jpg",1000,1000,false],"1536x1536":["https:\/\/cplaart.com\/wp-content\/uploads\/2025\/05\/CP-A-SC-003-Carlos-Pla-Struchtemeier-Artist-ORDEN-Sistemas-Caordicos.jpg",1000,1000,false],"2048x2048":["https:\/\/cplaart.com\/wp-content\/uploads\/2025\/05\/CP-A-SC-003-Carlos-Pla-Struchtemeier-Artist-ORDEN-Sistemas-Caordicos.jpg",1000,1000,false],"trp-custom-language-flag":["https:\/\/cplaart.com\/wp-content\/uploads\/2025\/05\/CP-A-SC-003-Carlos-Pla-Struchtemeier-Artist-ORDEN-Sistemas-Caordicos.jpg",12,12,false],"woocommerce_thumbnail":["https:\/\/cplaart.com\/wp-content\/uploads\/2025\/05\/CP-A-SC-003-Carlos-Pla-Struchtemeier-Artist-ORDEN-Sistemas-Caordicos-300x300.jpg",300,300,true],"woocommerce_single":["https:\/\/cplaart.com\/wp-content\/uploads\/2025\/05\/CP-A-SC-003-Carlos-Pla-Struchtemeier-Artist-ORDEN-Sistemas-Caordicos-600x600.jpg",600,600,true],"woocommerce_gallery_thumbnail":["https:\/\/cplaart.com\/wp-content\/uploads\/2025\/05\/CP-A-SC-003-Carlos-Pla-Struchtemeier-Artist-ORDEN-Sistemas-Caordicos-100x100.jpg",100,100,true]},"uagb_author_info":{"display_name":"Carlos Pla Struchtemeier","author_link":"https:\/\/cplaart.com\/es_es\/author\/"},"uagb_comment_info":0,"uagb_excerpt":"Serie : sistemas ca\u00f3rdicos Categoria: Abstracto A\u00f1o: 2024 Medidas: 61 x 61cm T\u00e9cnica: acr\u00edlico sobre lienzo. Autor: Carlos Pla Struchtemeier C\u00f3digo: CP-A-SM-003 990\u20ac 870\u00a3","_links":{"self":[{"href":"https:\/\/cplaart.com\/es_es\/wp-json\/wp\/v2\/product\/877","targetHints":{"allow":["GET"]}}],"collection":[{"href":"https:\/\/cplaart.com\/es_es\/wp-json\/wp\/v2\/product"}],"about":[{"href":"https:\/\/cplaart.com\/es_es\/wp-json\/wp\/v2\/types\/product"}],"replies":[{"embeddable":true,"href":"https:\/\/cplaart.com\/es_es\/wp-json\/wp\/v2\/comments?post=877"}],"wp:featuredmedia":[{"embeddable":true,"href":"https:\/\/cplaart.com\/es_es\/wp-json\/wp\/v2\/media\/894"}],"wp:attachment":[{"href":"https:\/\/cplaart.com\/es_es\/wp-json\/wp\/v2\/media?parent=877"}],"wp:term":[{"taxonomy":"product_brand","embeddable":true,"href":"https:\/\/cplaart.com\/es_es\/wp-json\/wp\/v2\/product_brand?post=877"},{"taxonomy":"product_cat","embeddable":true,"href":"https:\/\/cplaart.com\/es_es\/wp-json\/wp\/v2\/product_cat?post=877"},{"taxonomy":"product_tag","embeddable":true,"href":"https:\/\/cplaart.com\/es_es\/wp-json\/wp\/v2\/product_tag?post=877"}],"curies":[{"name":"wp","href":"https:\/\/api.w.org\/{rel}","templated":true}]}}