{"id":866,"date":"2025-05-04T09:54:35","date_gmt":"2025-05-04T09:54:35","guid":{"rendered":"https:\/\/cplaart.com\/?post_type=product&#038;p=866"},"modified":"2025-10-08T16:05:26","modified_gmt":"2025-10-08T16:05:26","slug":"la-maquina-del-tiempo-espacios-liminales","status":"publish","type":"product","link":"https:\/\/cplaart.com\/es_es\/product\/la-maquina-del-tiempo-espacios-liminales\/","title":{"rendered":"LA M\u00c1QUINA DEL TIEMPO"},"content":{"rendered":"<p><span lang=\"es-ES\">(2024), parte de la serie <\/span><em><span lang=\"es-ES\">Memorias del Tiempo<\/span><\/em><span lang=\"es-ES\">, Carlos Pla traza un mapa emocional de los no-lugares. Con un lenguaje visual cargado de simbolismo \u2014veh\u00edculos detenidos, se\u00f1ales ambiguas, objetos hu\u00e9rfanos del tiempo\u2014 evoca ese instante suspendido entre el antes y el despu\u00e9s. La carretera, casi desierta, se convierte en un umbral que conecta memorias difusas con futuros inciertos.<\/span><\/p>\n","protected":false},"excerpt":{"rendered":"<ul>\n<li>Serie : Memorias del Tiempo<\/li>\n<li>Categoria: Paisaje<\/li>\n<li>A\u00f1o: 2025<\/li>\n<li>Medidas: 30 x 100cm<\/li>\n<li>T\u00e9cnica: acr\u00edlico \u2013 image transfer sobre lienzo<\/li>\n<li>Autor: Carlos Pla Struchtemeier<\/li>\n<li>C\u00f3digo: CP-L-MT-003<\/li>\n<li>\n<h3><strong>825<\/strong>\u20ac<\/h3>\n<\/li>\n<li>\n<h3><strong>720\u00a3<\/strong><\/h3>\n<\/li>\n<\/ul>\n","protected":false},"featured_media":867,"comment_status":"open","ping_status":"closed","template":"","meta":{"om_disable_all_campaigns":false,"_uag_custom_page_level_css":"","_monsterinsights_skip_tracking":false,"_monsterinsights_sitenote_active":false,"_monsterinsights_sitenote_note":"","_monsterinsights_sitenote_category":0,"site-sidebar-layout":"default","site-content-layout":"","ast-site-content-layout":"default","site-content-style":"default","site-sidebar-style":"default","ast-global-header-display":"","ast-banner-title-visibility":"","ast-main-header-display":"","ast-hfb-above-header-display":"","ast-hfb-below-header-display":"","ast-hfb-mobile-header-display":"","site-post-title":"","ast-breadcrumbs-content":"","ast-featured-img":"","footer-sml-layout":"","theme-transparent-header-meta":"default","adv-header-id-meta":"","stick-header-meta":"","header-above-stick-meta":"","header-main-stick-meta":"","header-below-stick-meta":"","astra-migrate-meta-layouts":"set","ast-page-background-enabled":"default","ast-page-background-meta":{"desktop":{"background-color":"","background-image":"","background-repeat":"repeat","background-position":"center center","background-size":"auto","background-attachment":"scroll","background-type":"","background-media":"","overlay-type":"","overlay-color":"","overlay-opacity":"","overlay-gradient":""},"tablet":{"background-color":"","background-image":"","background-repeat":"repeat","background-position":"center center","background-size":"auto","background-attachment":"scroll","background-type":"","background-media":"","overlay-type":"","overlay-color":"","overlay-opacity":"","overlay-gradient":""},"mobile":{"background-color":"","background-image":"","background-repeat":"repeat","background-position":"center center","background-size":"auto","background-attachment":"scroll","background-type":"","background-media":"","overlay-type":"","overlay-color":"","overlay-opacity":"","overlay-gradient":""}},"ast-content-background-meta":{"desktop":{"background-color":"var(--ast-global-color-5)","background-image":"","background-repeat":"repeat","background-position":"center center","background-size":"auto","background-attachment":"scroll","background-type":"","background-media":"","overlay-type":"","overlay-color":"","overlay-opacity":"","overlay-gradient":""},"tablet":{"background-color":"var(--ast-global-color-5)","background-image":"","background-repeat":"repeat","background-position":"center center","background-size":"auto","background-attachment":"scroll","background-type":"","background-media":"","overlay-type":"","overlay-color":"","overlay-opacity":"","overlay-gradient":""},"mobile":{"background-color":"var(--ast-global-color-5)","background-image":"","background-repeat":"repeat","background-position":"center center","background-size":"auto","background-attachment":"scroll","background-type":"","background-media":"","overlay-type":"","overlay-color":"","overlay-opacity":"","overlay-gradient":""}}},"product_brand":[],"product_cat":[18],"product_tag":[],"class_list":{"0":"post-866","1":"product","2":"type-product","3":"status-publish","4":"has-post-thumbnail","6":"product_cat-paisaje","7":"desktop-align-left","8":"tablet-align-left","9":"mobile-align-left","11":"first","12":"instock","13":"shipping-taxable","14":"product-type-simple"},"aioseo_notices":[],"uagb_featured_image_src":{"full":["https:\/\/cplaart.com\/wp-content\/uploads\/2025\/05\/CP-L-MT-003-Carlos-Pla-Struchtemeier-Artist-LA-MAQUINA-DEL-TIEMPO.jpg",1000,1000,false],"thumbnail":["https:\/\/cplaart.com\/wp-content\/uploads\/2025\/05\/CP-L-MT-003-Carlos-Pla-Struchtemeier-Artist-LA-MAQUINA-DEL-TIEMPO-150x150.jpg",150,150,true],"medium":["https:\/\/cplaart.com\/wp-content\/uploads\/2025\/05\/CP-L-MT-003-Carlos-Pla-Struchtemeier-Artist-LA-MAQUINA-DEL-TIEMPO-300x300.jpg",300,300,true],"medium_large":["https:\/\/cplaart.com\/wp-content\/uploads\/2025\/05\/CP-L-MT-003-Carlos-Pla-Struchtemeier-Artist-LA-MAQUINA-DEL-TIEMPO-768x768.jpg",768,768,true],"large":["https:\/\/cplaart.com\/wp-content\/uploads\/2025\/05\/CP-L-MT-003-Carlos-Pla-Struchtemeier-Artist-LA-MAQUINA-DEL-TIEMPO.jpg",1000,1000,false],"1536x1536":["https:\/\/cplaart.com\/wp-content\/uploads\/2025\/05\/CP-L-MT-003-Carlos-Pla-Struchtemeier-Artist-LA-MAQUINA-DEL-TIEMPO.jpg",1000,1000,false],"2048x2048":["https:\/\/cplaart.com\/wp-content\/uploads\/2025\/05\/CP-L-MT-003-Carlos-Pla-Struchtemeier-Artist-LA-MAQUINA-DEL-TIEMPO.jpg",1000,1000,false],"trp-custom-language-flag":["https:\/\/cplaart.com\/wp-content\/uploads\/2025\/05\/CP-L-MT-003-Carlos-Pla-Struchtemeier-Artist-LA-MAQUINA-DEL-TIEMPO.jpg",12,12,false],"woocommerce_thumbnail":["https:\/\/cplaart.com\/wp-content\/uploads\/2025\/05\/CP-L-MT-003-Carlos-Pla-Struchtemeier-Artist-LA-MAQUINA-DEL-TIEMPO-300x300.jpg",300,300,true],"woocommerce_single":["https:\/\/cplaart.com\/wp-content\/uploads\/2025\/05\/CP-L-MT-003-Carlos-Pla-Struchtemeier-Artist-LA-MAQUINA-DEL-TIEMPO-600x600.jpg",600,600,true],"woocommerce_gallery_thumbnail":["https:\/\/cplaart.com\/wp-content\/uploads\/2025\/05\/CP-L-MT-003-Carlos-Pla-Struchtemeier-Artist-LA-MAQUINA-DEL-TIEMPO-100x100.jpg",100,100,true]},"uagb_author_info":{"display_name":"Carlos Pla Struchtemeier","author_link":"https:\/\/cplaart.com\/es_es\/author\/"},"uagb_comment_info":0,"uagb_excerpt":"Serie : Memorias del Tiempo Categoria: Paisaje A\u00f1o: 2025 Medidas: 30 x 100cm T\u00e9cnica: acr\u00edlico \u2013 image transfer sobre lienzo Autor: Carlos Pla Struchtemeier C\u00f3digo: CP-L-MT-003 825\u20ac 720\u00a3","_links":{"self":[{"href":"https:\/\/cplaart.com\/es_es\/wp-json\/wp\/v2\/product\/866","targetHints":{"allow":["GET"]}}],"collection":[{"href":"https:\/\/cplaart.com\/es_es\/wp-json\/wp\/v2\/product"}],"about":[{"href":"https:\/\/cplaart.com\/es_es\/wp-json\/wp\/v2\/types\/product"}],"replies":[{"embeddable":true,"href":"https:\/\/cplaart.com\/es_es\/wp-json\/wp\/v2\/comments?post=866"}],"wp:featuredmedia":[{"embeddable":true,"href":"https:\/\/cplaart.com\/es_es\/wp-json\/wp\/v2\/media\/867"}],"wp:attachment":[{"href":"https:\/\/cplaart.com\/es_es\/wp-json\/wp\/v2\/media?parent=866"}],"wp:term":[{"taxonomy":"product_brand","embeddable":true,"href":"https:\/\/cplaart.com\/es_es\/wp-json\/wp\/v2\/product_brand?post=866"},{"taxonomy":"product_cat","embeddable":true,"href":"https:\/\/cplaart.com\/es_es\/wp-json\/wp\/v2\/product_cat?post=866"},{"taxonomy":"product_tag","embeddable":true,"href":"https:\/\/cplaart.com\/es_es\/wp-json\/wp\/v2\/product_tag?post=866"}],"curies":[{"name":"wp","href":"https:\/\/api.w.org\/{rel}","templated":true}]}}