{"id":802,"date":"2025-04-22T15:15:49","date_gmt":"2025-04-22T15:15:49","guid":{"rendered":"https:\/\/cplaart.com\/?post_type=product&#038;p=802"},"modified":"2025-12-20T01:41:35","modified_gmt":"2025-12-20T01:41:35","slug":"casa-marthall","status":"publish","type":"product","link":"https:\/\/cplaart.com\/es_es\/product\/casa-marthall\/","title":{"rendered":"CASA MARTHALL   Espacios habitables"},"content":{"rendered":"<p><span lang=\"es-ES\">Imaginar la casa fue como tenderme sobre el terreno, protegido por un dosel verde que cambia con el entorno. Cubiertas plegables que nacen del paisaje y lo reinterpretan.<\/span><\/p>\n<p><span lang=\"es-ES\">Una vivienda que no se encierra, sino que se abre: respira con el viento, mira con el sol. Su arquitectura es porosa, viva, y en constante di\u00e1logo con lo que la rodea influyendo en la vida cotidiana y el estado de \u00e1nimo.<\/span><\/p>\n","protected":false},"excerpt":{"rendered":"<ul>\n<li>Serie : Residencial<\/li>\n<li>Categor\u00eda: Arquitectura<\/li>\n<li>A\u00f1o: 2021<\/li>\n<li>T\u00e9cnica: maqueta en cart\u00f3n y metales.<\/li>\n<li>Autor: Carlos Pla Struchtemeier<\/li>\n<li>C\u00f3digo: <span style=\"font-family: Swis721 BT, sans-serif;\"><span lang=\"es-ES\">CP-AQ-R-001 CP-AQ-R-002 CP-AQ-R-003 <\/span><\/span><\/li>\n<\/ul>\n","protected":false},"featured_media":849,"comment_status":"open","ping_status":"closed","template":"","meta":{"om_disable_all_campaigns":false,"_uag_custom_page_level_css":"","_monsterinsights_skip_tracking":false,"_monsterinsights_sitenote_active":false,"_monsterinsights_sitenote_note":"","_monsterinsights_sitenote_category":0,"site-sidebar-layout":"default","site-content-layout":"default","ast-site-content-layout":"default","site-content-style":"default","site-sidebar-style":"default","ast-global-header-display":"","ast-banner-title-visibility":"","ast-main-header-display":"","ast-hfb-above-header-display":"","ast-hfb-below-header-display":"","ast-hfb-mobile-header-display":"","site-post-title":"","ast-breadcrumbs-content":"","ast-featured-img":"","footer-sml-layout":"","theme-transparent-header-meta":"default","adv-header-id-meta":"","stick-header-meta":"","header-above-stick-meta":"","header-main-stick-meta":"","header-below-stick-meta":"","astra-migrate-meta-layouts":"set","ast-page-background-enabled":"default","ast-page-background-meta":{"desktop":{"background-color":"","background-image":"","background-repeat":"repeat","background-position":"center center","background-size":"auto","background-attachment":"scroll","background-type":"","background-media":"","overlay-type":"","overlay-color":"","overlay-opacity":"","overlay-gradient":""},"tablet":{"background-color":"","background-image":"","background-repeat":"repeat","background-position":"center center","background-size":"auto","background-attachment":"scroll","background-type":"","background-media":"","overlay-type":"","overlay-color":"","overlay-opacity":"","overlay-gradient":""},"mobile":{"background-color":"","background-image":"","background-repeat":"repeat","background-position":"center center","background-size":"auto","background-attachment":"scroll","background-type":"","background-media":"","overlay-type":"","overlay-color":"","overlay-opacity":"","overlay-gradient":""}},"ast-content-background-meta":{"desktop":{"background-color":"var(--ast-global-color-5)","background-image":"","background-repeat":"repeat","background-position":"center center","background-size":"auto","background-attachment":"scroll","background-type":"","background-media":"","overlay-type":"","overlay-color":"","overlay-opacity":"","overlay-gradient":""},"tablet":{"background-color":"var(--ast-global-color-5)","background-image":"","background-repeat":"repeat","background-position":"center center","background-size":"auto","background-attachment":"scroll","background-type":"","background-media":"","overlay-type":"","overlay-color":"","overlay-opacity":"","overlay-gradient":""},"mobile":{"background-color":"var(--ast-global-color-5)","background-image":"","background-repeat":"repeat","background-position":"center center","background-size":"auto","background-attachment":"scroll","background-type":"","background-media":"","overlay-type":"","overlay-color":"","overlay-opacity":"","overlay-gradient":""}}},"product_brand":[],"product_cat":[38],"product_tag":[],"class_list":{"0":"post-802","1":"product","2":"type-product","3":"status-publish","4":"has-post-thumbnail","6":"product_cat-arquitectura","7":"desktop-align-left","8":"tablet-align-left","9":"mobile-align-left","11":"first","12":"instock","13":"featured","14":"shipping-taxable","15":"product-type-simple"},"aioseo_notices":[],"uagb_featured_image_src":{"full":["https:\/\/cplaart.com\/wp-content\/uploads\/2025\/04\/Arquitectura.jpg",267,264,false],"thumbnail":["https:\/\/cplaart.com\/wp-content\/uploads\/2025\/04\/Arquitectura-150x150.jpg",150,150,true],"medium":["https:\/\/cplaart.com\/wp-content\/uploads\/2025\/04\/Arquitectura.jpg",267,264,false],"medium_large":["https:\/\/cplaart.com\/wp-content\/uploads\/2025\/04\/Arquitectura.jpg",267,264,false],"large":["https:\/\/cplaart.com\/wp-content\/uploads\/2025\/04\/Arquitectura.jpg",267,264,false],"1536x1536":["https:\/\/cplaart.com\/wp-content\/uploads\/2025\/04\/Arquitectura.jpg",267,264,false],"2048x2048":["https:\/\/cplaart.com\/wp-content\/uploads\/2025\/04\/Arquitectura.jpg",267,264,false],"trp-custom-language-flag":["https:\/\/cplaart.com\/wp-content\/uploads\/2025\/04\/Arquitectura.jpg",12,12,false],"woocommerce_thumbnail":["https:\/\/cplaart.com\/wp-content\/uploads\/2025\/04\/Arquitectura.jpg",267,264,false],"woocommerce_single":["https:\/\/cplaart.com\/wp-content\/uploads\/2025\/04\/Arquitectura.jpg",267,264,false],"woocommerce_gallery_thumbnail":["https:\/\/cplaart.com\/wp-content\/uploads\/2025\/04\/Arquitectura-100x100.jpg",100,100,true]},"uagb_author_info":{"display_name":"Carlos Pla Struchtemeier","author_link":"https:\/\/cplaart.com\/es_es\/author\/"},"uagb_comment_info":0,"uagb_excerpt":"Serie : Residencial Categor\u00eda: Arquitectura A\u00f1o: 2021 T\u00e9cnica: maqueta en cart\u00f3n y metales. Autor: Carlos Pla Struchtemeier C\u00f3digo: CP-AQ-R-001 CP-AQ-R-002 CP-AQ-R-003","_links":{"self":[{"href":"https:\/\/cplaart.com\/es_es\/wp-json\/wp\/v2\/product\/802","targetHints":{"allow":["GET"]}}],"collection":[{"href":"https:\/\/cplaart.com\/es_es\/wp-json\/wp\/v2\/product"}],"about":[{"href":"https:\/\/cplaart.com\/es_es\/wp-json\/wp\/v2\/types\/product"}],"replies":[{"embeddable":true,"href":"https:\/\/cplaart.com\/es_es\/wp-json\/wp\/v2\/comments?post=802"}],"wp:featuredmedia":[{"embeddable":true,"href":"https:\/\/cplaart.com\/es_es\/wp-json\/wp\/v2\/media\/849"}],"wp:attachment":[{"href":"https:\/\/cplaart.com\/es_es\/wp-json\/wp\/v2\/media?parent=802"}],"wp:term":[{"taxonomy":"product_brand","embeddable":true,"href":"https:\/\/cplaart.com\/es_es\/wp-json\/wp\/v2\/product_brand?post=802"},{"taxonomy":"product_cat","embeddable":true,"href":"https:\/\/cplaart.com\/es_es\/wp-json\/wp\/v2\/product_cat?post=802"},{"taxonomy":"product_tag","embeddable":true,"href":"https:\/\/cplaart.com\/es_es\/wp-json\/wp\/v2\/product_tag?post=802"}],"curies":[{"name":"wp","href":"https:\/\/api.w.org\/{rel}","templated":true}]}}