{"id":1055,"date":"2025-07-13T09:18:25","date_gmt":"2025-07-13T09:18:25","guid":{"rendered":"https:\/\/cplaart.com\/?post_type=product&#038;p=1055"},"modified":"2025-07-13T09:19:29","modified_gmt":"2025-07-13T09:19:29","slug":"los-viajes-de-federico","status":"publish","type":"product","link":"https:\/\/cplaart.com\/es_es\/product\/los-viajes-de-federico\/","title":{"rendered":"LOS VIAJES DE FEDERICO"},"content":{"rendered":"<p align=\"justify\"><span lang=\"es-ES\">Los Viajes de Federico (2025), parte de la serie Memorias del Tiempo, Carlos Pla explora, a trav\u00e9s de memorias fotogr\u00e1ficas, los colores y texturas de un itinerario de vida marcado por futuros inciertos y el anhelo de construir un nuevo destino impulsado por el progreso.<\/span><\/p>\n","protected":false},"excerpt":{"rendered":"<ul>\n<li><span lang=\"es-ES\">Serie : Memorias del Tiempo<\/span><\/li>\n<li><span lang=\"es-ES\">Categoria: Paisaje<\/span><\/li>\n<li><span lang=\"es-ES\">A\u00f1o: 2025<\/span><\/li>\n<li><span lang=\"es-ES\">Medidas: 30 x 100 cm<\/span><\/li>\n<li><span lang=\"es-ES\">Autor: Carlos Pla Struchtemeier<\/span><\/li>\n<li><span lang=\"es-ES\">T\u00e9cnica: acr\u00edlico \u2013 image transfer sobre lienzo<\/span><\/li>\n<li>C\u00f3digo: CP-L-MT-005<\/li>\n<\/ul>\n","protected":false},"featured_media":1056,"comment_status":"open","ping_status":"closed","template":"","meta":{"om_disable_all_campaigns":false,"_uag_custom_page_level_css":"","_monsterinsights_skip_tracking":false,"_monsterinsights_sitenote_active":false,"_monsterinsights_sitenote_note":"","_monsterinsights_sitenote_category":0,"site-sidebar-layout":"default","site-content-layout":"","ast-site-content-layout":"default","site-content-style":"default","site-sidebar-style":"default","ast-global-header-display":"","ast-banner-title-visibility":"","ast-main-header-display":"","ast-hfb-above-header-display":"","ast-hfb-below-header-display":"","ast-hfb-mobile-header-display":"","site-post-title":"","ast-breadcrumbs-content":"","ast-featured-img":"","footer-sml-layout":"","theme-transparent-header-meta":"default","adv-header-id-meta":"","stick-header-meta":"","header-above-stick-meta":"","header-main-stick-meta":"","header-below-stick-meta":"","astra-migrate-meta-layouts":"set","ast-page-background-enabled":"default","ast-page-background-meta":{"desktop":{"background-color":"","background-image":"","background-repeat":"repeat","background-position":"center center","background-size":"auto","background-attachment":"scroll","background-type":"","background-media":"","overlay-type":"","overlay-color":"","overlay-opacity":"","overlay-gradient":""},"tablet":{"background-color":"","background-image":"","background-repeat":"repeat","background-position":"center center","background-size":"auto","background-attachment":"scroll","background-type":"","background-media":"","overlay-type":"","overlay-color":"","overlay-opacity":"","overlay-gradient":""},"mobile":{"background-color":"","background-image":"","background-repeat":"repeat","background-position":"center center","background-size":"auto","background-attachment":"scroll","background-type":"","background-media":"","overlay-type":"","overlay-color":"","overlay-opacity":"","overlay-gradient":""}},"ast-content-background-meta":{"desktop":{"background-color":"var(--ast-global-color-5)","background-image":"","background-repeat":"repeat","background-position":"center center","background-size":"auto","background-attachment":"scroll","background-type":"","background-media":"","overlay-type":"","overlay-color":"","overlay-opacity":"","overlay-gradient":""},"tablet":{"background-color":"var(--ast-global-color-5)","background-image":"","background-repeat":"repeat","background-position":"center center","background-size":"auto","background-attachment":"scroll","background-type":"","background-media":"","overlay-type":"","overlay-color":"","overlay-opacity":"","overlay-gradient":""},"mobile":{"background-color":"var(--ast-global-color-5)","background-image":"","background-repeat":"repeat","background-position":"center center","background-size":"auto","background-attachment":"scroll","background-type":"","background-media":"","overlay-type":"","overlay-color":"","overlay-opacity":"","overlay-gradient":""}}},"product_brand":[],"product_cat":[18],"product_tag":[],"class_list":{"0":"post-1055","1":"product","2":"type-product","3":"status-publish","4":"has-post-thumbnail","6":"product_cat-paisaje","7":"desktop-align-left","8":"tablet-align-left","9":"mobile-align-left","11":"first","12":"instock","13":"shipping-taxable","14":"product-type-simple"},"aioseo_notices":[],"uagb_featured_image_src":{"full":["https:\/\/cplaart.com\/wp-content\/uploads\/2025\/07\/CP-L-MT-005-Carlos-Pla-Struchtemeier-Artist-LOS-VIAJES-DE-FEDERICO-Memorias-del-Tiempo-scaled.jpg",2560,2560,false],"thumbnail":["https:\/\/cplaart.com\/wp-content\/uploads\/2025\/07\/CP-L-MT-005-Carlos-Pla-Struchtemeier-Artist-LOS-VIAJES-DE-FEDERICO-Memorias-del-Tiempo-150x150.jpg",150,150,true],"medium":["https:\/\/cplaart.com\/wp-content\/uploads\/2025\/07\/CP-L-MT-005-Carlos-Pla-Struchtemeier-Artist-LOS-VIAJES-DE-FEDERICO-Memorias-del-Tiempo-300x300.jpg",300,300,true],"medium_large":["https:\/\/cplaart.com\/wp-content\/uploads\/2025\/07\/CP-L-MT-005-Carlos-Pla-Struchtemeier-Artist-LOS-VIAJES-DE-FEDERICO-Memorias-del-Tiempo-768x768.jpg",768,768,true],"large":["https:\/\/cplaart.com\/wp-content\/uploads\/2025\/07\/CP-L-MT-005-Carlos-Pla-Struchtemeier-Artist-LOS-VIAJES-DE-FEDERICO-Memorias-del-Tiempo-1024x1024.jpg",1024,1024,true],"1536x1536":["https:\/\/cplaart.com\/wp-content\/uploads\/2025\/07\/CP-L-MT-005-Carlos-Pla-Struchtemeier-Artist-LOS-VIAJES-DE-FEDERICO-Memorias-del-Tiempo-1536x1536.jpg",1536,1536,true],"2048x2048":["https:\/\/cplaart.com\/wp-content\/uploads\/2025\/07\/CP-L-MT-005-Carlos-Pla-Struchtemeier-Artist-LOS-VIAJES-DE-FEDERICO-Memorias-del-Tiempo-2048x2048.jpg",2048,2048,true],"trp-custom-language-flag":["https:\/\/cplaart.com\/wp-content\/uploads\/2025\/07\/CP-L-MT-005-Carlos-Pla-Struchtemeier-Artist-LOS-VIAJES-DE-FEDERICO-Memorias-del-Tiempo-12x12.jpg",12,12,true],"woocommerce_thumbnail":["https:\/\/cplaart.com\/wp-content\/uploads\/2025\/07\/CP-L-MT-005-Carlos-Pla-Struchtemeier-Artist-LOS-VIAJES-DE-FEDERICO-Memorias-del-Tiempo-300x300.jpg",300,300,true],"woocommerce_single":["https:\/\/cplaart.com\/wp-content\/uploads\/2025\/07\/CP-L-MT-005-Carlos-Pla-Struchtemeier-Artist-LOS-VIAJES-DE-FEDERICO-Memorias-del-Tiempo-600x600.jpg",600,600,true],"woocommerce_gallery_thumbnail":["https:\/\/cplaart.com\/wp-content\/uploads\/2025\/07\/CP-L-MT-005-Carlos-Pla-Struchtemeier-Artist-LOS-VIAJES-DE-FEDERICO-Memorias-del-Tiempo-100x100.jpg",100,100,true]},"uagb_author_info":{"display_name":"Carlos Pla Struchtemeier","author_link":"https:\/\/cplaart.com\/es_es\/author\/"},"uagb_comment_info":0,"uagb_excerpt":"Serie : Memorias del Tiempo Categoria: Paisaje A\u00f1o: 2025 Medidas: 30 x 100 cm Autor: Carlos Pla Struchtemeier T\u00e9cnica: acr\u00edlico \u2013 image transfer sobre lienzo C\u00f3digo: CP-L-MT-005","_links":{"self":[{"href":"https:\/\/cplaart.com\/es_es\/wp-json\/wp\/v2\/product\/1055","targetHints":{"allow":["GET"]}}],"collection":[{"href":"https:\/\/cplaart.com\/es_es\/wp-json\/wp\/v2\/product"}],"about":[{"href":"https:\/\/cplaart.com\/es_es\/wp-json\/wp\/v2\/types\/product"}],"replies":[{"embeddable":true,"href":"https:\/\/cplaart.com\/es_es\/wp-json\/wp\/v2\/comments?post=1055"}],"wp:featuredmedia":[{"embeddable":true,"href":"https:\/\/cplaart.com\/es_es\/wp-json\/wp\/v2\/media\/1056"}],"wp:attachment":[{"href":"https:\/\/cplaart.com\/es_es\/wp-json\/wp\/v2\/media?parent=1055"}],"wp:term":[{"taxonomy":"product_brand","embeddable":true,"href":"https:\/\/cplaart.com\/es_es\/wp-json\/wp\/v2\/product_brand?post=1055"},{"taxonomy":"product_cat","embeddable":true,"href":"https:\/\/cplaart.com\/es_es\/wp-json\/wp\/v2\/product_cat?post=1055"},{"taxonomy":"product_tag","embeddable":true,"href":"https:\/\/cplaart.com\/es_es\/wp-json\/wp\/v2\/product_tag?post=1055"}],"curies":[{"name":"wp","href":"https:\/\/api.w.org\/{rel}","templated":true}]}}