{"id":1040,"date":"2025-06-25T09:47:27","date_gmt":"2025-06-25T09:47:27","guid":{"rendered":"https:\/\/cplaart.com\/?post_type=product&#038;p=1040"},"modified":"2025-06-25T11:01:24","modified_gmt":"2025-06-25T11:01:24","slug":"alegoria-de-posguerra","status":"publish","type":"product","link":"https:\/\/cplaart.com\/es_es\/product\/alegoria-de-posguerra\/","title":{"rendered":"ALEGOR\u00cdA DE POSGUERRA"},"content":{"rendered":"<p><span lang=\"ES\">En Alegor\u00eda de posguerra, de la serie Memorias del Tiempo, Carlos Pla nos invita a caminar por un paisaje silencioso, cargado de s\u00edmbolos. Hay ni\u00f1os, vestigios de guerra, objetos y momentos perdidos en el tiempo, plantas que resisten. Todo est\u00e1 detenido en ese momento posterior a la destrucci\u00f3n, pero antes de que la esperanza florezca. Es un lugar que no es ninguno: un umbral entre la memoria que se desvanece y el futuro que a\u00fan no tiene forma.<\/span><\/p>\n","protected":false},"excerpt":{"rendered":"<div class=\"woocommerce-product-details__short-description\">\n<ul>\n<li>Serie : Memorias del tiempo<\/li>\n<li>Categoria: Paisaje<\/li>\n<li>A\u00f1o: 2025<\/li>\n<li>Medidas: <span lang=\"ES\">61 x 61 cm<\/span><\/li>\n<li>T\u00e9cnica: <span lang=\"ES\">acr\u00edlico \u2013 foto transfer<\/span><\/li>\n<li>Autor: Carlos Pla Struchtemeier<\/li>\n<li>C\u00f3digo: CP-L-MT-004<\/li>\n<\/ul>\n<\/div>\n","protected":false},"featured_media":1041,"comment_status":"open","ping_status":"closed","template":"","meta":{"om_disable_all_campaigns":false,"_uag_custom_page_level_css":"","_monsterinsights_skip_tracking":false,"_monsterinsights_sitenote_active":false,"_monsterinsights_sitenote_note":"","_monsterinsights_sitenote_category":0,"site-sidebar-layout":"default","site-content-layout":"","ast-site-content-layout":"default","site-content-style":"default","site-sidebar-style":"default","ast-global-header-display":"","ast-banner-title-visibility":"","ast-main-header-display":"","ast-hfb-above-header-display":"","ast-hfb-below-header-display":"","ast-hfb-mobile-header-display":"","site-post-title":"","ast-breadcrumbs-content":"","ast-featured-img":"","footer-sml-layout":"","theme-transparent-header-meta":"default","adv-header-id-meta":"","stick-header-meta":"","header-above-stick-meta":"","header-main-stick-meta":"","header-below-stick-meta":"","astra-migrate-meta-layouts":"set","ast-page-background-enabled":"default","ast-page-background-meta":{"desktop":{"background-color":"","background-image":"","background-repeat":"repeat","background-position":"center center","background-size":"auto","background-attachment":"scroll","background-type":"","background-media":"","overlay-type":"","overlay-color":"","overlay-opacity":"","overlay-gradient":""},"tablet":{"background-color":"","background-image":"","background-repeat":"repeat","background-position":"center center","background-size":"auto","background-attachment":"scroll","background-type":"","background-media":"","overlay-type":"","overlay-color":"","overlay-opacity":"","overlay-gradient":""},"mobile":{"background-color":"","background-image":"","background-repeat":"repeat","background-position":"center center","background-size":"auto","background-attachment":"scroll","background-type":"","background-media":"","overlay-type":"","overlay-color":"","overlay-opacity":"","overlay-gradient":""}},"ast-content-background-meta":{"desktop":{"background-color":"var(--ast-global-color-5)","background-image":"","background-repeat":"repeat","background-position":"center center","background-size":"auto","background-attachment":"scroll","background-type":"","background-media":"","overlay-type":"","overlay-color":"","overlay-opacity":"","overlay-gradient":""},"tablet":{"background-color":"var(--ast-global-color-5)","background-image":"","background-repeat":"repeat","background-position":"center center","background-size":"auto","background-attachment":"scroll","background-type":"","background-media":"","overlay-type":"","overlay-color":"","overlay-opacity":"","overlay-gradient":""},"mobile":{"background-color":"var(--ast-global-color-5)","background-image":"","background-repeat":"repeat","background-position":"center center","background-size":"auto","background-attachment":"scroll","background-type":"","background-media":"","overlay-type":"","overlay-color":"","overlay-opacity":"","overlay-gradient":""}}},"product_brand":[],"product_cat":[18],"product_tag":[],"class_list":{"0":"post-1040","1":"product","2":"type-product","3":"status-publish","4":"has-post-thumbnail","6":"product_cat-paisaje","7":"desktop-align-left","8":"tablet-align-left","9":"mobile-align-left","11":"first","12":"instock","13":"shipping-taxable","14":"product-type-simple"},"aioseo_notices":[],"uagb_featured_image_src":{"full":["https:\/\/cplaart.com\/wp-content\/uploads\/2025\/06\/CP-L-MT-004-Carlos-Pla-Struchtemeier-Artist-ALEGORIA-DE-POSTGUERRA-Memorias-del-Tiempo.jpg",1000,1000,false],"thumbnail":["https:\/\/cplaart.com\/wp-content\/uploads\/2025\/06\/CP-L-MT-004-Carlos-Pla-Struchtemeier-Artist-ALEGORIA-DE-POSTGUERRA-Memorias-del-Tiempo-150x150.jpg",150,150,true],"medium":["https:\/\/cplaart.com\/wp-content\/uploads\/2025\/06\/CP-L-MT-004-Carlos-Pla-Struchtemeier-Artist-ALEGORIA-DE-POSTGUERRA-Memorias-del-Tiempo-300x300.jpg",300,300,true],"medium_large":["https:\/\/cplaart.com\/wp-content\/uploads\/2025\/06\/CP-L-MT-004-Carlos-Pla-Struchtemeier-Artist-ALEGORIA-DE-POSTGUERRA-Memorias-del-Tiempo-768x768.jpg",768,768,true],"large":["https:\/\/cplaart.com\/wp-content\/uploads\/2025\/06\/CP-L-MT-004-Carlos-Pla-Struchtemeier-Artist-ALEGORIA-DE-POSTGUERRA-Memorias-del-Tiempo.jpg",1000,1000,false],"1536x1536":["https:\/\/cplaart.com\/wp-content\/uploads\/2025\/06\/CP-L-MT-004-Carlos-Pla-Struchtemeier-Artist-ALEGORIA-DE-POSTGUERRA-Memorias-del-Tiempo.jpg",1000,1000,false],"2048x2048":["https:\/\/cplaart.com\/wp-content\/uploads\/2025\/06\/CP-L-MT-004-Carlos-Pla-Struchtemeier-Artist-ALEGORIA-DE-POSTGUERRA-Memorias-del-Tiempo.jpg",1000,1000,false],"trp-custom-language-flag":["https:\/\/cplaart.com\/wp-content\/uploads\/2025\/06\/CP-L-MT-004-Carlos-Pla-Struchtemeier-Artist-ALEGORIA-DE-POSTGUERRA-Memorias-del-Tiempo-12x12.jpg",12,12,true],"woocommerce_thumbnail":["https:\/\/cplaart.com\/wp-content\/uploads\/2025\/06\/CP-L-MT-004-Carlos-Pla-Struchtemeier-Artist-ALEGORIA-DE-POSTGUERRA-Memorias-del-Tiempo-300x300.jpg",300,300,true],"woocommerce_single":["https:\/\/cplaart.com\/wp-content\/uploads\/2025\/06\/CP-L-MT-004-Carlos-Pla-Struchtemeier-Artist-ALEGORIA-DE-POSTGUERRA-Memorias-del-Tiempo-600x600.jpg",600,600,true],"woocommerce_gallery_thumbnail":["https:\/\/cplaart.com\/wp-content\/uploads\/2025\/06\/CP-L-MT-004-Carlos-Pla-Struchtemeier-Artist-ALEGORIA-DE-POSTGUERRA-Memorias-del-Tiempo-100x100.jpg",100,100,true]},"uagb_author_info":{"display_name":"Carlos Pla Struchtemeier","author_link":"https:\/\/cplaart.com\/es_es\/author\/"},"uagb_comment_info":0,"uagb_excerpt":"Serie : Memorias del tiempo Categoria: Paisaje A\u00f1o: 2025 Medidas: 61 x 61 cm T\u00e9cnica: acr\u00edlico \u2013 foto transfer Autor: Carlos Pla Struchtemeier C\u00f3digo: CP-L-MT-004","_links":{"self":[{"href":"https:\/\/cplaart.com\/es_es\/wp-json\/wp\/v2\/product\/1040","targetHints":{"allow":["GET"]}}],"collection":[{"href":"https:\/\/cplaart.com\/es_es\/wp-json\/wp\/v2\/product"}],"about":[{"href":"https:\/\/cplaart.com\/es_es\/wp-json\/wp\/v2\/types\/product"}],"replies":[{"embeddable":true,"href":"https:\/\/cplaart.com\/es_es\/wp-json\/wp\/v2\/comments?post=1040"}],"wp:featuredmedia":[{"embeddable":true,"href":"https:\/\/cplaart.com\/es_es\/wp-json\/wp\/v2\/media\/1041"}],"wp:attachment":[{"href":"https:\/\/cplaart.com\/es_es\/wp-json\/wp\/v2\/media?parent=1040"}],"wp:term":[{"taxonomy":"product_brand","embeddable":true,"href":"https:\/\/cplaart.com\/es_es\/wp-json\/wp\/v2\/product_brand?post=1040"},{"taxonomy":"product_cat","embeddable":true,"href":"https:\/\/cplaart.com\/es_es\/wp-json\/wp\/v2\/product_cat?post=1040"},{"taxonomy":"product_tag","embeddable":true,"href":"https:\/\/cplaart.com\/es_es\/wp-json\/wp\/v2\/product_tag?post=1040"}],"curies":[{"name":"wp","href":"https:\/\/api.w.org\/{rel}","templated":true}]}}