{"id":608,"date":"2025-04-22T08:11:18","date_gmt":"2025-04-22T08:11:18","guid":{"rendered":"http:\/\/cplaart.com\/contact\/"},"modified":"2025-06-03T17:52:09","modified_gmt":"2025-06-03T17:52:09","slug":"contact","status":"publish","type":"page","link":"https:\/\/cplaart.com\/es_es\/contact\/","title":{"rendered":"Contact"},"content":{"rendered":"\n<div class=\"wp-block-uagb-container uagb-block-9678b419 alignfull uagb-is-root-container\"><div class=\"uagb-container-inner-blocks-wrap\">\n<div class=\"wp-block-uagb-advanced-heading uagb-block-59ed9e86\"><h1 class=\"uagb-heading-text\">Contacta conmigo\u200b<\/h1><\/div>\n\n\n<style id=\"wpforms-css-vars-773\">\n\t\t\t\t#wpforms-773 {\n\t\t\t\t\n\t\t\t}\n\t\t\t<\/style><div class=\"wpforms-container wpforms-container-full wpforms-render-modern\" id=\"wpforms-773\"><form id=\"wpforms-form-773\" class=\"wpforms-validate wpforms-form wpforms-ajax-form\" data-formid=\"773\" method=\"post\" enctype=\"multipart\/form-data\" action=\"\/es_es\/wp-json\/wp\/v2\/pages\/608\" data-token=\"e3b2034d2602223b891f484a3ed5e8d8\" data-token-time=\"1775357044\"><noscript class=\"wpforms-error-noscript\">Por favor, activa JavaScript en tu navegador para completar este formulario.<\/noscript><div id=\"wpforms-error-noscript\" style=\"display: none;\">Por favor, activa JavaScript en tu navegador para completar este formulario.<\/div><div class=\"wpforms-field-container\">\t\t<div id=\"wpforms-773-field_4-container\"\n\t\t\tclass=\"wpforms-field wpforms-field-text\"\n\t\t\tdata-field-type=\"text\"\n\t\t\tdata-field-id=\"4\"\n\t\t\t>\n\t\t\t<label class=\"wpforms-field-label\" for=\"wpforms-773-field_4\" >RGPD Comentario o<\/label>\n\t\t\t<input type=\"text\" id=\"wpforms-773-field_4\" class=\"wpforms-field-medium\" name=\"wpforms[fields][4]\" >\n\t\t<\/div>\n\t\t<div id=\"wpforms-773-field_1-container\" class=\"wpforms-field wpforms-field-name\" data-field-id=\"1\"><fieldset><legend class=\"wpforms-field-label\">Nombre <span class=\"wpforms-required-label\" aria-hidden=\"true\">*<\/span><\/legend><div class=\"wpforms-field-row wpforms-field-medium\"><div class=\"wpforms-field-row-block wpforms-first wpforms-one-half\"><input type=\"text\" id=\"wpforms-773-field_1\" class=\"wpforms-field-name-first wpforms-field-required\" name=\"wpforms[fields][1][first]\" aria-errormessage=\"wpforms-773-field_1-error\" required><label for=\"wpforms-773-field_1\" class=\"wpforms-field-sublabel after\">Nombre<\/label><\/div><div class=\"wpforms-field-row-block wpforms-one-half\"><input type=\"text\" id=\"wpforms-773-field_1-last\" class=\"wpforms-field-name-last wpforms-field-required\" name=\"wpforms[fields][1][last]\" aria-errormessage=\"wpforms-773-field_1-last-error\" required><label for=\"wpforms-773-field_1-last\" class=\"wpforms-field-sublabel after\">Apellidos<\/label><\/div><\/div><\/fieldset><\/div><div id=\"wpforms-773-field_2-container\" class=\"wpforms-field wpforms-field-email\" data-field-id=\"2\"><label class=\"wpforms-field-label\" for=\"wpforms-773-field_2\">Correo electr\u00f3nico <span class=\"wpforms-required-label\" aria-hidden=\"true\">*<\/span><\/label><input type=\"email\" id=\"wpforms-773-field_2\" class=\"wpforms-field-medium wpforms-field-required\" name=\"wpforms[fields][2]\" spellcheck=\"false\" aria-errormessage=\"wpforms-773-field_2-error\" required><\/div><div id=\"wpforms-773-field_3-container\" class=\"wpforms-field wpforms-field-textarea\" data-field-id=\"3\"><label class=\"wpforms-field-label\" for=\"wpforms-773-field_3\">Comentario o mensaje<\/label><textarea id=\"wpforms-773-field_3\" class=\"wpforms-field-medium\" name=\"wpforms[fields][3]\" aria-errormessage=\"wpforms-773-field_3-error\" ><\/textarea><\/div><div id=\"wpforms-773-field_5-container\" class=\"wpforms-field wpforms-field-gdpr-checkbox\" data-field-id=\"5\"><label class=\"wpforms-field-label\">Acuerdo RGPD <span class=\"wpforms-required-label\" aria-hidden=\"true\">*<\/span><\/label><ul id=\"wpforms-773-field_5\" class=\"wpforms-field-required\"><li class=\"choice-1\"><input type=\"checkbox\" id=\"wpforms-773-field_5_1\" name=\"wpforms[fields][5][]\" value=\"Doy mi consentimiento para que esta web almacene la informaci\u00f3n que env\u00edo para que puedan responder a mi petici\u00f3n.\" aria-errormessage=\"wpforms-773-field_5_1-error\" required ><label class=\"wpforms-field-label-inline\" for=\"wpforms-773-field_5_1\">Doy mi consentimiento para que esta web almacene la informaci\u00f3n que env\u00edo para que puedan responder a mi petici\u00f3n.<\/label><\/li><\/ul><\/div><script>\n\t\t\t\t( function() {\n\t\t\t\t\tconst style = document.createElement( 'style' );\n\t\t\t\t\tstyle.appendChild( document.createTextNode( '#wpforms-773-field_4-container { position: absolute !important; overflow: hidden !important; display: inline !important; height: 1px !important; width: 1px !important; z-index: -1000 !important; padding: 0 !important; } #wpforms-773-field_4-container input { visibility: hidden; } #wpforms-conversational-form-page #wpforms-773-field_4-container label { counter-increment: none; }' ) );\n\t\t\t\t\tdocument.head.appendChild( style );\n\t\t\t\t\tdocument.currentScript?.remove();\n\t\t\t\t} )();\n\t\t\t<\/script><\/div><!-- .wpforms-field-container --><div class=\"wpforms-submit-container\" ><input type=\"hidden\" name=\"wpforms[id]\" value=\"773\"><input type=\"hidden\" name=\"page_title\" value=\"\"><input type=\"hidden\" name=\"page_url\" value=\"https:\/\/cplaart.com\/es_es\/wp-json\/wp\/v2\/pages\/608\"><input type=\"hidden\" name=\"url_referer\" value=\"\"><button type=\"submit\" name=\"wpforms[submit]\" id=\"wpforms-submit-773\" class=\"wpforms-submit\" data-alt-text=\"Enviando...\" data-submit-text=\"Enviar\" aria-live=\"assertive\" value=\"wpforms-submit\">Enviar<\/button><img loading=\"lazy\" decoding=\"async\" src=\"https:\/\/cplaart.com\/wp-content\/plugins\/wpforms-lite\/assets\/images\/submit-spin.svg\" class=\"wpforms-submit-spinner\" style=\"display: none;\" width=\"26\" height=\"26\" alt=\"Cargando\"><\/div><\/form><\/div>  <!-- .wpforms-container -->\n\n\n\n<p class=\"has-background has-small-font-size\" style=\"border-width:1px;background-color:#eaeaea\">Carlos Pla Struchtemeier (En adelante cplaart) \u2013 cplart.com te informa que los datos de car\u00e1cter personal que nos proporcione rellenando el presente formulario ser\u00e1n tratados por cplaart como responsable de esta web.<br>La finalidad de la recogida y tratamiento de los datos personales que le solicitamos es para gestionar la solicitud que realizas en este formulario de contacto. La legitimaci\u00f3n se realiza a trav\u00e9s del Consentimiento del interesado. Como usuario e interesado le informamos que los datos que nos facilitas estar\u00e1n ubicados en los servidores de HOSTINGER (proveedor de hosting de cplart.com) que est\u00e1 ubicado en UE, lugar cuyos niveles de protecci\u00f3n son adecuados seg\u00fan Comisi\u00f3n de la UE. Ver <a href=\"https:\/\/www.webempresa.com\/aviso-legal.html\" target=\"_blank\" rel=\"noreferrer noopener\">A<\/a><a href=\"https:\/\/www.hostinger.com\/es\/legal\/politica-de-privacidad\" target=\"_blank\" rel=\"noopener\" title=\"\">viso legal y Pol\u00edtica de privacidad<\/a> de HOSTINGER<br>El hecho de que no introduzca los datos de car\u00e1cter personal que aparecen en el formulario como obligatorios podr\u00e1 tener como consecuencia que no podamos atender tu solicitud.<br>Podr\u00e1 ejercer sus derechos de acceso, rectificaci\u00f3n, limitaci\u00f3n, as\u00ed como suprimir los datos en INFO @ CPLAART. COM as\u00ed como el derecho a presentar una reclamaci\u00f3n ante una autoridad de control.<br>Puede consultar https:\/\/cplaart.com\/nuestra pol\u00edtica de privacidad.<\/p>\n<\/div><\/div>\n\n\n\n<div class=\"wp-block-uagb-container uagb-block-d11e268b alignfull uagb-is-root-container\"><div class=\"uagb-container-inner-blocks-wrap\">\n<div class=\"wp-block-uagb-advanced-heading uagb-block-c37d4d0f\"><h3 class=\"uagb-heading-text\">\u00bfQuieres descubrir mi trabajo?<\/h3><\/div>\n\n\n<div class=\"woocommerce columns-3\"><ul class=\"products columns-3\">\n<li class=\"product-category product first\">\n\t<a aria-label=\"Visitar la categor\u00eda de producto Abstracto\" href=\"https:\/\/cplaart.com\/es_es\/product-category\/abstracto\/\"><img loading=\"lazy\" decoding=\"async\" src=\"https:\/\/cplaart.com\/wp-content\/uploads\/2025\/05\/Captura-101.jpg\" alt=\"Abstracto\" width=\"300\" height=\"300\" srcset=\"https:\/\/cplaart.com\/wp-content\/uploads\/2025\/05\/Captura-101.jpg 265w, https:\/\/cplaart.com\/wp-content\/uploads\/2025\/05\/Captura-101-150x150.jpg 150w, https:\/\/cplaart.com\/wp-content\/uploads\/2025\/05\/Captura-101-100x100.jpg 100w\" sizes=\"auto, (max-width: 265px) 100vw, 265px\" \/>\t\t<h2 class=\"woocommerce-loop-category__title\">\n\t\t\tAbstracto<mark class=\"count\">8 productos<\/mark>\t\t<\/h2>\n\t\t<\/a><\/li>\n<li class=\"product-category product\">\n\t<a aria-label=\"Visitar la categor\u00eda de producto Arquitectura\" href=\"https:\/\/cplaart.com\/es_es\/product-category\/arquitectura\/\"><img loading=\"lazy\" decoding=\"async\" src=\"https:\/\/cplaart.com\/wp-content\/uploads\/2025\/05\/CP-AQ-ET-006-Carlos-Pla-Struchtemeier-Artist-CENTRO-DE-LLAMADAS-Y-DISTRIBUCION-Espacios-De-Trabajo-300x300.jpg\" alt=\"Arquitectura\" width=\"300\" height=\"300\" srcset=\"https:\/\/cplaart.com\/wp-content\/uploads\/2025\/05\/CP-AQ-ET-006-Carlos-Pla-Struchtemeier-Artist-CENTRO-DE-LLAMADAS-Y-DISTRIBUCION-Espacios-De-Trabajo-300x300.jpg 300w, https:\/\/cplaart.com\/wp-content\/uploads\/2025\/05\/CP-AQ-ET-006-Carlos-Pla-Struchtemeier-Artist-CENTRO-DE-LLAMADAS-Y-DISTRIBUCION-Espacios-De-Trabajo-150x150.jpg 150w, https:\/\/cplaart.com\/wp-content\/uploads\/2025\/05\/CP-AQ-ET-006-Carlos-Pla-Struchtemeier-Artist-CENTRO-DE-LLAMADAS-Y-DISTRIBUCION-Espacios-De-Trabajo-768x768.jpg 768w, https:\/\/cplaart.com\/wp-content\/uploads\/2025\/05\/CP-AQ-ET-006-Carlos-Pla-Struchtemeier-Artist-CENTRO-DE-LLAMADAS-Y-DISTRIBUCION-Espacios-De-Trabajo-600x600.jpg 600w, https:\/\/cplaart.com\/wp-content\/uploads\/2025\/05\/CP-AQ-ET-006-Carlos-Pla-Struchtemeier-Artist-CENTRO-DE-LLAMADAS-Y-DISTRIBUCION-Espacios-De-Trabajo-100x100.jpg 100w, https:\/\/cplaart.com\/wp-content\/uploads\/2025\/05\/CP-AQ-ET-006-Carlos-Pla-Struchtemeier-Artist-CENTRO-DE-LLAMADAS-Y-DISTRIBUCION-Espacios-De-Trabajo.jpg 1000w\" sizes=\"auto, (max-width: 300px) 100vw, 300px\" \/>\t\t<h2 class=\"woocommerce-loop-category__title\">\n\t\t\tArquitectura<mark class=\"count\">4 productos<\/mark>\t\t<\/h2>\n\t\t<\/a><\/li>\n<li class=\"product-category product last\">\n\t<a aria-label=\"Visitar la categor\u00eda de producto Paisaje\" href=\"https:\/\/cplaart.com\/es_es\/product-category\/paisaje\/\"><img loading=\"lazy\" decoding=\"async\" src=\"https:\/\/cplaart.com\/wp-content\/uploads\/2025\/04\/CP-L-MT-001r-Carlos-Pla-Struchtemeier-Artist-300x300.jpg\" alt=\"Paisaje\" width=\"300\" height=\"300\" srcset=\"https:\/\/cplaart.com\/wp-content\/uploads\/2025\/04\/CP-L-MT-001r-Carlos-Pla-Struchtemeier-Artist-300x300.jpg 300w, https:\/\/cplaart.com\/wp-content\/uploads\/2025\/04\/CP-L-MT-001r-Carlos-Pla-Struchtemeier-Artist-150x150.jpg 150w, https:\/\/cplaart.com\/wp-content\/uploads\/2025\/04\/CP-L-MT-001r-Carlos-Pla-Struchtemeier-Artist-768x768.jpg 768w, https:\/\/cplaart.com\/wp-content\/uploads\/2025\/04\/CP-L-MT-001r-Carlos-Pla-Struchtemeier-Artist-600x600.jpg 600w, https:\/\/cplaart.com\/wp-content\/uploads\/2025\/04\/CP-L-MT-001r-Carlos-Pla-Struchtemeier-Artist-100x100.jpg 100w, https:\/\/cplaart.com\/wp-content\/uploads\/2025\/04\/CP-L-MT-001r-Carlos-Pla-Struchtemeier-Artist.jpg 1000w\" sizes=\"auto, (max-width: 300px) 100vw, 300px\" \/>\t\t<h2 class=\"woocommerce-loop-category__title\">\n\t\t\tPaisaje<mark class=\"count\">14 productos<\/mark>\t\t<\/h2>\n\t\t<\/a><\/li>\n<li class=\"product-category product first\">\n\t<a aria-label=\"Visitar la categor\u00eda de producto Retrato\" href=\"https:\/\/cplaart.com\/es_es\/product-category\/retrato\/\"><img loading=\"lazy\" decoding=\"async\" src=\"https:\/\/cplaart.com\/wp-content\/uploads\/2025\/04\/CP-R-P-001-Carlos-Pla-Struchtemeier-Artist-LEOCADIA-Personal-300x300.jpg\" alt=\"Retrato\" width=\"300\" height=\"300\" srcset=\"https:\/\/cplaart.com\/wp-content\/uploads\/2025\/04\/CP-R-P-001-Carlos-Pla-Struchtemeier-Artist-LEOCADIA-Personal-300x300.jpg 300w, https:\/\/cplaart.com\/wp-content\/uploads\/2025\/04\/CP-R-P-001-Carlos-Pla-Struchtemeier-Artist-LEOCADIA-Personal-150x150.jpg 150w, https:\/\/cplaart.com\/wp-content\/uploads\/2025\/04\/CP-R-P-001-Carlos-Pla-Struchtemeier-Artist-LEOCADIA-Personal-768x768.jpg 768w, https:\/\/cplaart.com\/wp-content\/uploads\/2025\/04\/CP-R-P-001-Carlos-Pla-Struchtemeier-Artist-LEOCADIA-Personal-600x600.jpg 600w, https:\/\/cplaart.com\/wp-content\/uploads\/2025\/04\/CP-R-P-001-Carlos-Pla-Struchtemeier-Artist-LEOCADIA-Personal-100x100.jpg 100w, https:\/\/cplaart.com\/wp-content\/uploads\/2025\/04\/CP-R-P-001-Carlos-Pla-Struchtemeier-Artist-LEOCADIA-Personal.jpg 1000w\" sizes=\"auto, (max-width: 300px) 100vw, 300px\" \/>\t\t<h2 class=\"woocommerce-loop-category__title\">\n\t\t\tRetrato<mark class=\"count\">1 producto<\/mark>\t\t<\/h2>\n\t\t<\/a><\/li>\n<\/ul>\n<\/div>\n<\/div><\/div>\n","protected":false},"excerpt":{"rendered":"<p>Contacta conmigo\u200b Carlos Pla Struchtemeier (En adelante cplaart) \u2013 cplart.com te informa que los datos de car\u00e1cter personal que nos proporcione rellenando el presente formulario ser\u00e1n tratados por cplaart como responsable de esta web.La finalidad de la recogida y tratamiento de los datos personales que le solicitamos es para gestionar la solicitud que realizas en [&hellip;]<\/p>\n","protected":false},"author":1,"featured_media":0,"parent":0,"menu_order":0,"comment_status":"closed","ping_status":"closed","template":"","meta":{"om_disable_all_campaigns":false,"_uag_custom_page_level_css":"","_monsterinsights_skip_tracking":false,"_monsterinsights_sitenote_active":false,"_monsterinsights_sitenote_note":"","_monsterinsights_sitenote_category":0,"site-sidebar-layout":"default","site-content-layout":"page-builder","ast-site-content-layout":"full-width-container","site-content-style":"unboxed","site-sidebar-style":"unboxed","ast-global-header-display":"","ast-banner-title-visibility":"","ast-main-header-display":"","ast-hfb-above-header-display":"","ast-hfb-below-header-display":"","ast-hfb-mobile-header-display":"","site-post-title":"disabled","ast-breadcrumbs-content":"","ast-featured-img":"","footer-sml-layout":"","theme-transparent-header-meta":"","adv-header-id-meta":"","stick-header-meta":"","header-above-stick-meta":"","header-main-stick-meta":"","header-below-stick-meta":"","astra-migrate-meta-layouts":"set","ast-page-background-enabled":"default","ast-page-background-meta":{"desktop":{"background-color":"","background-image":"","background-repeat":"repeat","background-position":"center center","background-size":"auto","background-attachment":"scroll","background-type":"","background-media":"","overlay-type":"","overlay-color":"","overlay-opacity":"","overlay-gradient":""},"tablet":{"background-color":"","background-image":"","background-repeat":"repeat","background-position":"center center","background-size":"auto","background-attachment":"scroll","background-type":"","background-media":"","overlay-type":"","overlay-color":"","overlay-opacity":"","overlay-gradient":""},"mobile":{"background-color":"","background-image":"","background-repeat":"repeat","background-position":"center center","background-size":"auto","background-attachment":"scroll","background-type":"","background-media":"","overlay-type":"","overlay-color":"","overlay-opacity":"","overlay-gradient":""}},"ast-content-background-meta":{"desktop":{"background-color":"var(--ast-global-color-5)","background-image":"","background-repeat":"repeat","background-position":"center center","background-size":"auto","background-attachment":"scroll","background-type":"","background-media":"","overlay-type":"","overlay-color":"","overlay-opacity":"","overlay-gradient":""},"tablet":{"background-color":"var(--ast-global-color-5)","background-image":"","background-repeat":"repeat","background-position":"center center","background-size":"auto","background-attachment":"scroll","background-type":"","background-media":"","overlay-type":"","overlay-color":"","overlay-opacity":"","overlay-gradient":""},"mobile":{"background-color":"var(--ast-global-color-5)","background-image":"","background-repeat":"repeat","background-position":"center center","background-size":"auto","background-attachment":"scroll","background-type":"","background-media":"","overlay-type":"","overlay-color":"","overlay-opacity":"","overlay-gradient":""}},"footnotes":""},"class_list":["post-608","page","type-page","status-publish","hentry"],"aioseo_notices":[],"uagb_featured_image_src":{"full":false,"thumbnail":false,"medium":false,"medium_large":false,"large":false,"1536x1536":false,"2048x2048":false,"trp-custom-language-flag":false,"woocommerce_thumbnail":false,"woocommerce_single":false,"woocommerce_gallery_thumbnail":false},"uagb_author_info":{"display_name":"Carlos Pla Struchtemeier","author_link":"https:\/\/cplaart.com\/es_es\/author\/jazzberrishopgmail-com\/"},"uagb_comment_info":0,"uagb_excerpt":"Contacta conmigo\u200b Carlos Pla Struchtemeier (En adelante cplaart) \u2013 cplart.com te informa que los datos de car\u00e1cter personal que nos proporcione rellenando el presente formulario ser\u00e1n tratados por cplaart como responsable de esta web.La finalidad de la recogida y tratamiento de los datos personales que le solicitamos es para gestionar la solicitud que realizas en&hellip;","_links":{"self":[{"href":"https:\/\/cplaart.com\/es_es\/wp-json\/wp\/v2\/pages\/608","targetHints":{"allow":["GET"]}}],"collection":[{"href":"https:\/\/cplaart.com\/es_es\/wp-json\/wp\/v2\/pages"}],"about":[{"href":"https:\/\/cplaart.com\/es_es\/wp-json\/wp\/v2\/types\/page"}],"author":[{"embeddable":true,"href":"https:\/\/cplaart.com\/es_es\/wp-json\/wp\/v2\/users\/1"}],"replies":[{"embeddable":true,"href":"https:\/\/cplaart.com\/es_es\/wp-json\/wp\/v2\/comments?post=608"}],"version-history":[{"count":10,"href":"https:\/\/cplaart.com\/es_es\/wp-json\/wp\/v2\/pages\/608\/revisions"}],"predecessor-version":[{"id":1033,"href":"https:\/\/cplaart.com\/es_es\/wp-json\/wp\/v2\/pages\/608\/revisions\/1033"}],"wp:attachment":[{"href":"https:\/\/cplaart.com\/es_es\/wp-json\/wp\/v2\/media?parent=608"}],"curies":[{"name":"wp","href":"https:\/\/api.w.org\/{rel}","templated":true}]}}