{"id":922,"date":"2025-05-13T18:38:28","date_gmt":"2025-05-13T18:38:28","guid":{"rendered":"https:\/\/cplaart.com\/?post_type=product&#038;p=922"},"modified":"2025-05-25T08:27:32","modified_gmt":"2025-05-25T08:27:32","slug":"entrada-y-espacio-de-reunion","status":"publish","type":"product","link":"https:\/\/cplaart.com\/en\/product\/entrada-y-espacio-de-reunion\/","title":{"rendered":"ENTRANCE AND MEETING SPACE"},"content":{"rendered":"<p><span lang=\"es-ES\">Carlos Pla redefines the main entrance to NEXT plc's headquarters through a glazed volume with curved, horizontal lines, creating a visual dialogue with the stone pavement, whose rectilinear and zigzag shapes gently fold as they approach the transparent plane.<\/span><\/p>","protected":false},"excerpt":{"rendered":"<ul>\n<li>Series: Workspaces<\/li>\n<li>Category: Architecture<\/li>\n<li>Year: 2004<\/li>\n<li>Technique: Cardboard and plastic model - constructed work<\/li>\n<li>Author: Carlos Pla Struchtemeier<\/li>\n<li>Code: CP-AQ-ET-001 CP-AQ-ET-002 CP-AQ-ET-003<\/li>\n<li>CP-AQ-ET-003<\/li>\n<\/ul>","protected":false},"featured_media":924,"comment_status":"open","ping_status":"closed","template":"","meta":{"om_disable_all_campaigns":false,"_uag_custom_page_level_css":"","_monsterinsights_skip_tracking":false,"_monsterinsights_sitenote_active":false,"_monsterinsights_sitenote_note":"","_monsterinsights_sitenote_category":0,"site-sidebar-layout":"default","site-content-layout":"","ast-site-content-layout":"default","site-content-style":"default","site-sidebar-style":"default","ast-global-header-display":"","ast-banner-title-visibility":"","ast-main-header-display":"","ast-hfb-above-header-display":"","ast-hfb-below-header-display":"","ast-hfb-mobile-header-display":"","site-post-title":"","ast-breadcrumbs-content":"","ast-featured-img":"","footer-sml-layout":"","theme-transparent-header-meta":"default","adv-header-id-meta":"","stick-header-meta":"","header-above-stick-meta":"","header-main-stick-meta":"","header-below-stick-meta":"","astra-migrate-meta-layouts":"set","ast-page-background-enabled":"default","ast-page-background-meta":{"desktop":{"background-color":"","background-image":"","background-repeat":"repeat","background-position":"center center","background-size":"auto","background-attachment":"scroll","background-type":"","background-media":"","overlay-type":"","overlay-color":"","overlay-opacity":"","overlay-gradient":""},"tablet":{"background-color":"","background-image":"","background-repeat":"repeat","background-position":"center center","background-size":"auto","background-attachment":"scroll","background-type":"","background-media":"","overlay-type":"","overlay-color":"","overlay-opacity":"","overlay-gradient":""},"mobile":{"background-color":"","background-image":"","background-repeat":"repeat","background-position":"center center","background-size":"auto","background-attachment":"scroll","background-type":"","background-media":"","overlay-type":"","overlay-color":"","overlay-opacity":"","overlay-gradient":""}},"ast-content-background-meta":{"desktop":{"background-color":"var(--ast-global-color-5)","background-image":"","background-repeat":"repeat","background-position":"center center","background-size":"auto","background-attachment":"scroll","background-type":"","background-media":"","overlay-type":"","overlay-color":"","overlay-opacity":"","overlay-gradient":""},"tablet":{"background-color":"var(--ast-global-color-5)","background-image":"","background-repeat":"repeat","background-position":"center center","background-size":"auto","background-attachment":"scroll","background-type":"","background-media":"","overlay-type":"","overlay-color":"","overlay-opacity":"","overlay-gradient":""},"mobile":{"background-color":"var(--ast-global-color-5)","background-image":"","background-repeat":"repeat","background-position":"center center","background-size":"auto","background-attachment":"scroll","background-type":"","background-media":"","overlay-type":"","overlay-color":"","overlay-opacity":"","overlay-gradient":""}}},"product_brand":[],"product_cat":[38],"product_tag":[],"class_list":{"0":"post-922","1":"product","2":"type-product","3":"status-publish","4":"has-post-thumbnail","6":"product_cat-arquitectura","7":"desktop-align-left","8":"tablet-align-left","9":"mobile-align-left","11":"first","12":"instock","13":"shipping-taxable","14":"product-type-simple"},"aioseo_notices":[],"uagb_featured_image_src":{"full":["https:\/\/cplaart.com\/wp-content\/uploads\/2025\/05\/CP-AQ-ET-002-Carlos-Pla-Struchtemeier-Artist-ENTRADA-Y-ESPACIO-DE-ACCESO-Espacios-De-Trabajo.jpg",1000,1000,false],"thumbnail":["https:\/\/cplaart.com\/wp-content\/uploads\/2025\/05\/CP-AQ-ET-002-Carlos-Pla-Struchtemeier-Artist-ENTRADA-Y-ESPACIO-DE-ACCESO-Espacios-De-Trabajo-150x150.jpg",150,150,true],"medium":["https:\/\/cplaart.com\/wp-content\/uploads\/2025\/05\/CP-AQ-ET-002-Carlos-Pla-Struchtemeier-Artist-ENTRADA-Y-ESPACIO-DE-ACCESO-Espacios-De-Trabajo-300x300.jpg",300,300,true],"medium_large":["https:\/\/cplaart.com\/wp-content\/uploads\/2025\/05\/CP-AQ-ET-002-Carlos-Pla-Struchtemeier-Artist-ENTRADA-Y-ESPACIO-DE-ACCESO-Espacios-De-Trabajo-768x768.jpg",768,768,true],"large":["https:\/\/cplaart.com\/wp-content\/uploads\/2025\/05\/CP-AQ-ET-002-Carlos-Pla-Struchtemeier-Artist-ENTRADA-Y-ESPACIO-DE-ACCESO-Espacios-De-Trabajo.jpg",1000,1000,false],"1536x1536":["https:\/\/cplaart.com\/wp-content\/uploads\/2025\/05\/CP-AQ-ET-002-Carlos-Pla-Struchtemeier-Artist-ENTRADA-Y-ESPACIO-DE-ACCESO-Espacios-De-Trabajo.jpg",1000,1000,false],"2048x2048":["https:\/\/cplaart.com\/wp-content\/uploads\/2025\/05\/CP-AQ-ET-002-Carlos-Pla-Struchtemeier-Artist-ENTRADA-Y-ESPACIO-DE-ACCESO-Espacios-De-Trabajo.jpg",1000,1000,false],"trp-custom-language-flag":["https:\/\/cplaart.com\/wp-content\/uploads\/2025\/05\/CP-AQ-ET-002-Carlos-Pla-Struchtemeier-Artist-ENTRADA-Y-ESPACIO-DE-ACCESO-Espacios-De-Trabajo.jpg",12,12,false],"woocommerce_thumbnail":["https:\/\/cplaart.com\/wp-content\/uploads\/2025\/05\/CP-AQ-ET-002-Carlos-Pla-Struchtemeier-Artist-ENTRADA-Y-ESPACIO-DE-ACCESO-Espacios-De-Trabajo-300x300.jpg",300,300,true],"woocommerce_single":["https:\/\/cplaart.com\/wp-content\/uploads\/2025\/05\/CP-AQ-ET-002-Carlos-Pla-Struchtemeier-Artist-ENTRADA-Y-ESPACIO-DE-ACCESO-Espacios-De-Trabajo-600x600.jpg",600,600,true],"woocommerce_gallery_thumbnail":["https:\/\/cplaart.com\/wp-content\/uploads\/2025\/05\/CP-AQ-ET-002-Carlos-Pla-Struchtemeier-Artist-ENTRADA-Y-ESPACIO-DE-ACCESO-Espacios-De-Trabajo-100x100.jpg",100,100,true]},"uagb_author_info":{"display_name":"Carlos Pla Struchtemeier","author_link":"https:\/\/cplaart.com\/en\/author\/"},"uagb_comment_info":0,"uagb_excerpt":"Serie : Espacios de trabajo Categoria: Arquitectura A\u00f1o: 2004 T\u00e9cnica: Maqueta cart\u00f3n y pl\u00e1stico - obra construida-. Autor: Carlos Pla Struchtemeier C\u00f3digo: CP-AQ-ET-001 CP-AQ-ET-002 CP-AQ-ET-003","_links":{"self":[{"href":"https:\/\/cplaart.com\/en\/wp-json\/wp\/v2\/product\/922","targetHints":{"allow":["GET"]}}],"collection":[{"href":"https:\/\/cplaart.com\/en\/wp-json\/wp\/v2\/product"}],"about":[{"href":"https:\/\/cplaart.com\/en\/wp-json\/wp\/v2\/types\/product"}],"replies":[{"embeddable":true,"href":"https:\/\/cplaart.com\/en\/wp-json\/wp\/v2\/comments?post=922"}],"wp:featuredmedia":[{"embeddable":true,"href":"https:\/\/cplaart.com\/en\/wp-json\/wp\/v2\/media\/924"}],"wp:attachment":[{"href":"https:\/\/cplaart.com\/en\/wp-json\/wp\/v2\/media?parent=922"}],"wp:term":[{"taxonomy":"product_brand","embeddable":true,"href":"https:\/\/cplaart.com\/en\/wp-json\/wp\/v2\/product_brand?post=922"},{"taxonomy":"product_cat","embeddable":true,"href":"https:\/\/cplaart.com\/en\/wp-json\/wp\/v2\/product_cat?post=922"},{"taxonomy":"product_tag","embeddable":true,"href":"https:\/\/cplaart.com\/en\/wp-json\/wp\/v2\/product_tag?post=922"}],"curies":[{"name":"wp","href":"https:\/\/api.w.org\/{rel}","templated":true}]}}