{"id":804,"date":"2025-04-22T15:36:00","date_gmt":"2025-04-22T15:36:00","guid":{"rendered":"https:\/\/cplaart.com\/?post_type=product&#038;p=804"},"modified":"2025-10-08T16:01:44","modified_gmt":"2025-10-08T16:01:44","slug":"ruta-610-espacios-liminales","status":"publish","type":"product","link":"https:\/\/cplaart.com\/en\/product\/ruta-610-espacios-liminales\/","title":{"rendered":"ROUTE 610"},"content":{"rendered":"<p data-sourcepos=\"23:1-25:28\"><strong>Route 610 Liminal spacess<\/strong> <em>Artist: Carlos Pla Struchtemeier<\/em> <em>Series: Memories of Time<\/em><\/p>\n<p align=\"justify\" class=\"translation-block\">(2024) is part of the series Memories of Time, in which Carlos Pla explores the concepts of transit and spatial ambiguity. Through a carefully crafted composition that brings together icons of movement\u2014vehicles, signs, and scattered objects\u2014the work analyses the territory between the concrete and the intangible. The unpopulated environment intensifies the sense of rootlessness, reflecting the provisional and mental nature of liminal spaces.<\/p>","protected":false},"excerpt":{"rendered":"<ul>\n<li>Series: Time Memories<\/li>\n<li>Category: Landscape<\/li>\n<li>Year: 2024<\/li>\n<li>Dimensions: 61x61cm<\/li>\n<li>Technique: Acrylic - image transfer on canvas<\/li>\n<li>Author: Carlos Pla Struchtemeier<\/li>\n<li>Code: CP-L-MT-001<\/li>\n<li>\n<h3><strong>990<\/strong>\u20ac<\/h3>\n<\/li>\n<li>\n<h3><strong>870\u00a3<\/strong><\/h3>\n<\/li>\n<\/ul>","protected":false},"featured_media":847,"comment_status":"open","ping_status":"closed","template":"","meta":{"om_disable_all_campaigns":false,"_uag_custom_page_level_css":"","_monsterinsights_skip_tracking":false,"_monsterinsights_sitenote_active":false,"_monsterinsights_sitenote_note":"","_monsterinsights_sitenote_category":0,"site-sidebar-layout":"default","site-content-layout":"default","ast-site-content-layout":"default","site-content-style":"default","site-sidebar-style":"default","ast-global-header-display":"","ast-banner-title-visibility":"","ast-main-header-display":"","ast-hfb-above-header-display":"","ast-hfb-below-header-display":"","ast-hfb-mobile-header-display":"","site-post-title":"","ast-breadcrumbs-content":"","ast-featured-img":"","footer-sml-layout":"","theme-transparent-header-meta":"default","adv-header-id-meta":"","stick-header-meta":"","header-above-stick-meta":"","header-main-stick-meta":"","header-below-stick-meta":"","astra-migrate-meta-layouts":"set","ast-page-background-enabled":"default","ast-page-background-meta":{"desktop":{"background-color":"","background-image":"","background-repeat":"repeat","background-position":"center center","background-size":"auto","background-attachment":"scroll","background-type":"","background-media":"","overlay-type":"","overlay-color":"","overlay-opacity":"","overlay-gradient":""},"tablet":{"background-color":"","background-image":"","background-repeat":"repeat","background-position":"center center","background-size":"auto","background-attachment":"scroll","background-type":"","background-media":"","overlay-type":"","overlay-color":"","overlay-opacity":"","overlay-gradient":""},"mobile":{"background-color":"","background-image":"","background-repeat":"repeat","background-position":"center center","background-size":"auto","background-attachment":"scroll","background-type":"","background-media":"","overlay-type":"","overlay-color":"","overlay-opacity":"","overlay-gradient":""}},"ast-content-background-meta":{"desktop":{"background-color":"var(--ast-global-color-5)","background-image":"","background-repeat":"repeat","background-position":"center center","background-size":"auto","background-attachment":"scroll","background-type":"","background-media":"","overlay-type":"","overlay-color":"","overlay-opacity":"","overlay-gradient":""},"tablet":{"background-color":"var(--ast-global-color-5)","background-image":"","background-repeat":"repeat","background-position":"center center","background-size":"auto","background-attachment":"scroll","background-type":"","background-media":"","overlay-type":"","overlay-color":"","overlay-opacity":"","overlay-gradient":""},"mobile":{"background-color":"var(--ast-global-color-5)","background-image":"","background-repeat":"repeat","background-position":"center center","background-size":"auto","background-attachment":"scroll","background-type":"","background-media":"","overlay-type":"","overlay-color":"","overlay-opacity":"","overlay-gradient":""}}},"product_brand":[],"product_cat":[18],"product_tag":[],"class_list":{"0":"post-804","1":"product","2":"type-product","3":"status-publish","4":"has-post-thumbnail","6":"product_cat-paisaje","7":"desktop-align-left","8":"tablet-align-left","9":"mobile-align-left","11":"first","12":"instock","13":"shipping-taxable","14":"product-type-simple"},"aioseo_notices":[],"uagb_featured_image_src":{"full":["https:\/\/cplaart.com\/wp-content\/uploads\/2025\/04\/CP-L-MT-001r-Carlos-Pla-Struchtemeier-Artist.jpg",1000,1000,false],"thumbnail":["https:\/\/cplaart.com\/wp-content\/uploads\/2025\/04\/CP-L-MT-001r-Carlos-Pla-Struchtemeier-Artist-150x150.jpg",150,150,true],"medium":["https:\/\/cplaart.com\/wp-content\/uploads\/2025\/04\/CP-L-MT-001r-Carlos-Pla-Struchtemeier-Artist-300x300.jpg",300,300,true],"medium_large":["https:\/\/cplaart.com\/wp-content\/uploads\/2025\/04\/CP-L-MT-001r-Carlos-Pla-Struchtemeier-Artist-768x768.jpg",768,768,true],"large":["https:\/\/cplaart.com\/wp-content\/uploads\/2025\/04\/CP-L-MT-001r-Carlos-Pla-Struchtemeier-Artist.jpg",1000,1000,false],"1536x1536":["https:\/\/cplaart.com\/wp-content\/uploads\/2025\/04\/CP-L-MT-001r-Carlos-Pla-Struchtemeier-Artist.jpg",1000,1000,false],"2048x2048":["https:\/\/cplaart.com\/wp-content\/uploads\/2025\/04\/CP-L-MT-001r-Carlos-Pla-Struchtemeier-Artist.jpg",1000,1000,false],"trp-custom-language-flag":["https:\/\/cplaart.com\/wp-content\/uploads\/2025\/04\/CP-L-MT-001r-Carlos-Pla-Struchtemeier-Artist.jpg",12,12,false],"woocommerce_thumbnail":["https:\/\/cplaart.com\/wp-content\/uploads\/2025\/04\/CP-L-MT-001r-Carlos-Pla-Struchtemeier-Artist-300x300.jpg",300,300,true],"woocommerce_single":["https:\/\/cplaart.com\/wp-content\/uploads\/2025\/04\/CP-L-MT-001r-Carlos-Pla-Struchtemeier-Artist-600x600.jpg",600,600,true],"woocommerce_gallery_thumbnail":["https:\/\/cplaart.com\/wp-content\/uploads\/2025\/04\/CP-L-MT-001r-Carlos-Pla-Struchtemeier-Artist-100x100.jpg",100,100,true]},"uagb_author_info":{"display_name":"Carlos Pla Struchtemeier","author_link":"https:\/\/cplaart.com\/en\/author\/"},"uagb_comment_info":0,"uagb_excerpt":"Serie: Memoria del tiempo Categor\u00eda: Paisaje A\u00f1o: 2024 Medidas: 61 x 61 cm T\u00e9cnica: acr\u00edlico \u2013 image transfer sobre lienzo. Autor: Carlos Pla Struchtemeier C\u00f3digo: CP-L-MT-001 990\u20ac 870\u00a3","_links":{"self":[{"href":"https:\/\/cplaart.com\/en\/wp-json\/wp\/v2\/product\/804","targetHints":{"allow":["GET"]}}],"collection":[{"href":"https:\/\/cplaart.com\/en\/wp-json\/wp\/v2\/product"}],"about":[{"href":"https:\/\/cplaart.com\/en\/wp-json\/wp\/v2\/types\/product"}],"replies":[{"embeddable":true,"href":"https:\/\/cplaart.com\/en\/wp-json\/wp\/v2\/comments?post=804"}],"wp:featuredmedia":[{"embeddable":true,"href":"https:\/\/cplaart.com\/en\/wp-json\/wp\/v2\/media\/847"}],"wp:attachment":[{"href":"https:\/\/cplaart.com\/en\/wp-json\/wp\/v2\/media?parent=804"}],"wp:term":[{"taxonomy":"product_brand","embeddable":true,"href":"https:\/\/cplaart.com\/en\/wp-json\/wp\/v2\/product_brand?post=804"},{"taxonomy":"product_cat","embeddable":true,"href":"https:\/\/cplaart.com\/en\/wp-json\/wp\/v2\/product_cat?post=804"},{"taxonomy":"product_tag","embeddable":true,"href":"https:\/\/cplaart.com\/en\/wp-json\/wp\/v2\/product_tag?post=804"}],"curies":[{"name":"wp","href":"https:\/\/api.w.org\/{rel}","templated":true}]}}