{"id":50,"date":"2025-04-22T08:11:18","date_gmt":"2025-04-22T08:11:18","guid":{"rendered":"http:\/\/cplaart.com\/product\/flowers-and-birds\/"},"modified":"2025-10-08T16:18:58","modified_gmt":"2025-10-08T16:18:58","slug":"crepusculo","status":"publish","type":"product","link":"https:\/\/cplaart.com\/en\/product\/crepusculo\/","title":{"rendered":"TWILIGHT"},"content":{"rendered":"<p class=\"translation-block\">(2024), part of the Memories of Time series, Carlos Pla traces the compact outline of the city that merges with the shadow of the sunset, on a horizon where water and sand converse in whispers of color, under the patient eye of the moon.<\/p>","protected":false},"excerpt":{"rendered":"<ul>\n<li>Series: Limits and Margins<\/li>\n<li>Category: Abstract<\/li>\n<li>Year: 2025<\/li>\n<li>Dimensions: 70 x100cm<\/li>\n<li>Technique: Acrylic \u2013 sand on particle board<\/li>\n<li>Author: Carlos Pla Struchtemeier<\/li>\n<li>Code: CP-A-LM-001<\/li>\n<li>\n<h3><strong>1800<\/strong>\u20ac<\/h3>\n<\/li>\n<li>\n<h3><strong>1600\u00a3<\/strong><\/h3>\n<\/li>\n<\/ul>","protected":false},"featured_media":906,"comment_status":"open","ping_status":"closed","template":"","meta":{"om_disable_all_campaigns":false,"_uag_custom_page_level_css":"","_monsterinsights_skip_tracking":false,"_monsterinsights_sitenote_active":false,"_monsterinsights_sitenote_note":"","_monsterinsights_sitenote_category":0,"site-sidebar-layout":"default","site-content-layout":"default","ast-site-content-layout":"default","site-content-style":"default","site-sidebar-style":"default","ast-global-header-display":"","ast-banner-title-visibility":"","ast-main-header-display":"","ast-hfb-above-header-display":"","ast-hfb-below-header-display":"","ast-hfb-mobile-header-display":"","site-post-title":"","ast-breadcrumbs-content":"","ast-featured-img":"","footer-sml-layout":"","theme-transparent-header-meta":"default","adv-header-id-meta":"","stick-header-meta":"","header-above-stick-meta":"","header-main-stick-meta":"","header-below-stick-meta":"","astra-migrate-meta-layouts":"set","ast-page-background-enabled":"default","ast-page-background-meta":{"desktop":{"background-color":"","background-image":"","background-repeat":"repeat","background-position":"center center","background-size":"auto","background-attachment":"scroll","background-type":"","background-media":"","overlay-type":"","overlay-color":"","overlay-opacity":"","overlay-gradient":""},"tablet":{"background-color":"","background-image":"","background-repeat":"repeat","background-position":"center center","background-size":"auto","background-attachment":"scroll","background-type":"","background-media":"","overlay-type":"","overlay-color":"","overlay-opacity":"","overlay-gradient":""},"mobile":{"background-color":"","background-image":"","background-repeat":"repeat","background-position":"center center","background-size":"auto","background-attachment":"scroll","background-type":"","background-media":"","overlay-type":"","overlay-color":"","overlay-opacity":"","overlay-gradient":""}},"ast-content-background-meta":{"desktop":{"background-color":"var(--ast-global-color-5)","background-image":"","background-repeat":"repeat","background-position":"center center","background-size":"auto","background-attachment":"scroll","background-type":"","background-media":"","overlay-type":"","overlay-color":"","overlay-opacity":"","overlay-gradient":""},"tablet":{"background-color":"var(--ast-global-color-5)","background-image":"","background-repeat":"repeat","background-position":"center center","background-size":"auto","background-attachment":"scroll","background-type":"","background-media":"","overlay-type":"","overlay-color":"","overlay-opacity":"","overlay-gradient":""},"mobile":{"background-color":"var(--ast-global-color-5)","background-image":"","background-repeat":"repeat","background-position":"center center","background-size":"auto","background-attachment":"scroll","background-type":"","background-media":"","overlay-type":"","overlay-color":"","overlay-opacity":"","overlay-gradient":""}}},"product_brand":[],"product_cat":[16],"product_tag":[],"class_list":{"0":"post-50","1":"product","2":"type-product","3":"status-publish","4":"has-post-thumbnail","6":"product_cat-abstracto","7":"desktop-align-left","8":"tablet-align-left","9":"mobile-align-left","11":"first","12":"instock","13":"featured","14":"shipping-taxable","15":"product-type-simple"},"aioseo_notices":[],"uagb_featured_image_src":{"full":["https:\/\/cplaart.com\/wp-content\/uploads\/2025\/04\/CP-A-LM-001-Carlos-Pla-Struchtemeier-Artist-CREPUSCULO-Limites-y-Margenes.jpg",1000,1000,false],"thumbnail":["https:\/\/cplaart.com\/wp-content\/uploads\/2025\/04\/CP-A-LM-001-Carlos-Pla-Struchtemeier-Artist-CREPUSCULO-Limites-y-Margenes-150x150.jpg",150,150,true],"medium":["https:\/\/cplaart.com\/wp-content\/uploads\/2025\/04\/CP-A-LM-001-Carlos-Pla-Struchtemeier-Artist-CREPUSCULO-Limites-y-Margenes-300x300.jpg",300,300,true],"medium_large":["https:\/\/cplaart.com\/wp-content\/uploads\/2025\/04\/CP-A-LM-001-Carlos-Pla-Struchtemeier-Artist-CREPUSCULO-Limites-y-Margenes-768x768.jpg",768,768,true],"large":["https:\/\/cplaart.com\/wp-content\/uploads\/2025\/04\/CP-A-LM-001-Carlos-Pla-Struchtemeier-Artist-CREPUSCULO-Limites-y-Margenes.jpg",1000,1000,false],"1536x1536":["https:\/\/cplaart.com\/wp-content\/uploads\/2025\/04\/CP-A-LM-001-Carlos-Pla-Struchtemeier-Artist-CREPUSCULO-Limites-y-Margenes.jpg",1000,1000,false],"2048x2048":["https:\/\/cplaart.com\/wp-content\/uploads\/2025\/04\/CP-A-LM-001-Carlos-Pla-Struchtemeier-Artist-CREPUSCULO-Limites-y-Margenes.jpg",1000,1000,false],"trp-custom-language-flag":["https:\/\/cplaart.com\/wp-content\/uploads\/2025\/04\/CP-A-LM-001-Carlos-Pla-Struchtemeier-Artist-CREPUSCULO-Limites-y-Margenes.jpg",12,12,false],"woocommerce_thumbnail":["https:\/\/cplaart.com\/wp-content\/uploads\/2025\/04\/CP-A-LM-001-Carlos-Pla-Struchtemeier-Artist-CREPUSCULO-Limites-y-Margenes-300x300.jpg",300,300,true],"woocommerce_single":["https:\/\/cplaart.com\/wp-content\/uploads\/2025\/04\/CP-A-LM-001-Carlos-Pla-Struchtemeier-Artist-CREPUSCULO-Limites-y-Margenes-600x600.jpg",600,600,true],"woocommerce_gallery_thumbnail":["https:\/\/cplaart.com\/wp-content\/uploads\/2025\/04\/CP-A-LM-001-Carlos-Pla-Struchtemeier-Artist-CREPUSCULO-Limites-y-Margenes-100x100.jpg",100,100,true]},"uagb_author_info":{"display_name":"Carlos Pla Struchtemeier","author_link":"https:\/\/cplaart.com\/en\/author\/"},"uagb_comment_info":0,"uagb_excerpt":"Serie : Limites y Margenes Categoria: Abstracto A\u00f1o: 2025 Medidas: 70 x 100cm T\u00e9cnica: acr\u00edlico \u2013 arena sobre tablero de fibras Autor: Carlos Pla Struchtemeier C\u00f3digo: CP-A-LM-001 1800\u20ac 1600\u00a3","_links":{"self":[{"href":"https:\/\/cplaart.com\/en\/wp-json\/wp\/v2\/product\/50","targetHints":{"allow":["GET"]}}],"collection":[{"href":"https:\/\/cplaart.com\/en\/wp-json\/wp\/v2\/product"}],"about":[{"href":"https:\/\/cplaart.com\/en\/wp-json\/wp\/v2\/types\/product"}],"replies":[{"embeddable":true,"href":"https:\/\/cplaart.com\/en\/wp-json\/wp\/v2\/comments?post=50"}],"wp:featuredmedia":[{"embeddable":true,"href":"https:\/\/cplaart.com\/en\/wp-json\/wp\/v2\/media\/906"}],"wp:attachment":[{"href":"https:\/\/cplaart.com\/en\/wp-json\/wp\/v2\/media?parent=50"}],"wp:term":[{"taxonomy":"product_brand","embeddable":true,"href":"https:\/\/cplaart.com\/en\/wp-json\/wp\/v2\/product_brand?post=50"},{"taxonomy":"product_cat","embeddable":true,"href":"https:\/\/cplaart.com\/en\/wp-json\/wp\/v2\/product_cat?post=50"},{"taxonomy":"product_tag","embeddable":true,"href":"https:\/\/cplaart.com\/en\/wp-json\/wp\/v2\/product_tag?post=50"}],"curies":[{"name":"wp","href":"https:\/\/api.w.org\/{rel}","templated":true}]}}