{"id":47,"date":"2025-04-22T08:11:18","date_gmt":"2025-04-22T08:11:18","guid":{"rendered":"http:\/\/cplaart.com\/product\/water-color-bleed\/"},"modified":"2025-10-08T16:17:52","modified_gmt":"2025-10-08T16:17:52","slug":"melodia-de-vinculos","status":"publish","type":"product","link":"https:\/\/cplaart.com\/en\/product\/melodia-de-vinculos\/","title":{"rendered":"BONDS MELODY"},"content":{"rendered":"<p>(2025) is part of the Connections series, in which Carlos Pla delves into the metaphor of the urban landscape, where the connections and ruptures between the city's fabric emerge from the dialogue between natural topography and imposed physical boundaries.<\/p>","protected":false},"excerpt":{"rendered":"<ul>\n<li>Series: Connections<\/li>\n<li>Category: Abstract<\/li>\n<li>Year: 2025<\/li>\n<li>Dimensions: 61x61cm<\/li>\n<li>Technique: Acrylic \u2013 fabric, metal, texture on canvas<\/li>\n<li>Author: Carlos Pla Struchtemeier<\/li>\n<li>Code: CP-A-C-001<\/li>\n<li>\n<h3><strong>990<\/strong>\u20ac<\/h3>\n<\/li>\n<li>\n<h3><strong>870\u00a3<\/strong><\/h3>\n<\/li>\n<\/ul>\n<p>&nbsp;<\/p>","protected":false},"featured_media":904,"comment_status":"open","ping_status":"closed","template":"","meta":{"om_disable_all_campaigns":false,"_uag_custom_page_level_css":"","_monsterinsights_skip_tracking":false,"_monsterinsights_sitenote_active":false,"_monsterinsights_sitenote_note":"","_monsterinsights_sitenote_category":0,"site-sidebar-layout":"default","site-content-layout":"default","ast-site-content-layout":"default","site-content-style":"default","site-sidebar-style":"default","ast-global-header-display":"","ast-banner-title-visibility":"","ast-main-header-display":"","ast-hfb-above-header-display":"","ast-hfb-below-header-display":"","ast-hfb-mobile-header-display":"","site-post-title":"","ast-breadcrumbs-content":"","ast-featured-img":"","footer-sml-layout":"","theme-transparent-header-meta":"default","adv-header-id-meta":"","stick-header-meta":"","header-above-stick-meta":"","header-main-stick-meta":"","header-below-stick-meta":"","astra-migrate-meta-layouts":"set","ast-page-background-enabled":"default","ast-page-background-meta":{"desktop":{"background-color":"","background-image":"","background-repeat":"repeat","background-position":"center center","background-size":"auto","background-attachment":"scroll","background-type":"","background-media":"","overlay-type":"","overlay-color":"","overlay-opacity":"","overlay-gradient":""},"tablet":{"background-color":"","background-image":"","background-repeat":"repeat","background-position":"center center","background-size":"auto","background-attachment":"scroll","background-type":"","background-media":"","overlay-type":"","overlay-color":"","overlay-opacity":"","overlay-gradient":""},"mobile":{"background-color":"","background-image":"","background-repeat":"repeat","background-position":"center center","background-size":"auto","background-attachment":"scroll","background-type":"","background-media":"","overlay-type":"","overlay-color":"","overlay-opacity":"","overlay-gradient":""}},"ast-content-background-meta":{"desktop":{"background-color":"var(--ast-global-color-5)","background-image":"","background-repeat":"repeat","background-position":"center center","background-size":"auto","background-attachment":"scroll","background-type":"","background-media":"","overlay-type":"","overlay-color":"","overlay-opacity":"","overlay-gradient":""},"tablet":{"background-color":"var(--ast-global-color-5)","background-image":"","background-repeat":"repeat","background-position":"center center","background-size":"auto","background-attachment":"scroll","background-type":"","background-media":"","overlay-type":"","overlay-color":"","overlay-opacity":"","overlay-gradient":""},"mobile":{"background-color":"var(--ast-global-color-5)","background-image":"","background-repeat":"repeat","background-position":"center center","background-size":"auto","background-attachment":"scroll","background-type":"","background-media":"","overlay-type":"","overlay-color":"","overlay-opacity":"","overlay-gradient":""}}},"product_brand":[],"product_cat":[16],"product_tag":[],"class_list":{"0":"post-47","1":"product","2":"type-product","3":"status-publish","4":"has-post-thumbnail","6":"product_cat-abstracto","7":"desktop-align-left","8":"tablet-align-left","9":"mobile-align-left","11":"first","12":"instock","13":"featured","14":"sold-individually","15":"shipping-taxable","16":"product-type-simple"},"aioseo_notices":[],"uagb_featured_image_src":{"full":["https:\/\/cplaart.com\/wp-content\/uploads\/2025\/04\/CP-A-C-001-Carlos-Pla-Struchtemeier-Artist-MELODIA-DE-VINCULOS-Conexiones.jpg",1000,1000,false],"thumbnail":["https:\/\/cplaart.com\/wp-content\/uploads\/2025\/04\/CP-A-C-001-Carlos-Pla-Struchtemeier-Artist-MELODIA-DE-VINCULOS-Conexiones-150x150.jpg",150,150,true],"medium":["https:\/\/cplaart.com\/wp-content\/uploads\/2025\/04\/CP-A-C-001-Carlos-Pla-Struchtemeier-Artist-MELODIA-DE-VINCULOS-Conexiones-300x300.jpg",300,300,true],"medium_large":["https:\/\/cplaart.com\/wp-content\/uploads\/2025\/04\/CP-A-C-001-Carlos-Pla-Struchtemeier-Artist-MELODIA-DE-VINCULOS-Conexiones-768x768.jpg",768,768,true],"large":["https:\/\/cplaart.com\/wp-content\/uploads\/2025\/04\/CP-A-C-001-Carlos-Pla-Struchtemeier-Artist-MELODIA-DE-VINCULOS-Conexiones.jpg",1000,1000,false],"1536x1536":["https:\/\/cplaart.com\/wp-content\/uploads\/2025\/04\/CP-A-C-001-Carlos-Pla-Struchtemeier-Artist-MELODIA-DE-VINCULOS-Conexiones.jpg",1000,1000,false],"2048x2048":["https:\/\/cplaart.com\/wp-content\/uploads\/2025\/04\/CP-A-C-001-Carlos-Pla-Struchtemeier-Artist-MELODIA-DE-VINCULOS-Conexiones.jpg",1000,1000,false],"trp-custom-language-flag":["https:\/\/cplaart.com\/wp-content\/uploads\/2025\/04\/CP-A-C-001-Carlos-Pla-Struchtemeier-Artist-MELODIA-DE-VINCULOS-Conexiones.jpg",12,12,false],"woocommerce_thumbnail":["https:\/\/cplaart.com\/wp-content\/uploads\/2025\/04\/CP-A-C-001-Carlos-Pla-Struchtemeier-Artist-MELODIA-DE-VINCULOS-Conexiones-300x300.jpg",300,300,true],"woocommerce_single":["https:\/\/cplaart.com\/wp-content\/uploads\/2025\/04\/CP-A-C-001-Carlos-Pla-Struchtemeier-Artist-MELODIA-DE-VINCULOS-Conexiones-600x600.jpg",600,600,true],"woocommerce_gallery_thumbnail":["https:\/\/cplaart.com\/wp-content\/uploads\/2025\/04\/CP-A-C-001-Carlos-Pla-Struchtemeier-Artist-MELODIA-DE-VINCULOS-Conexiones-100x100.jpg",100,100,true]},"uagb_author_info":{"display_name":"Carlos Pla Struchtemeier","author_link":"https:\/\/cplaart.com\/en\/author\/"},"uagb_comment_info":0,"uagb_excerpt":"Serie : Conexiones Categoria: Abstracto A\u00f1o: 2025 Medidas: 61 x 61cm T\u00e9cnica: acr\u00edlico \u2013 tejidos, metal, textura sobre lienzo Autor: Carlos Pla Struchtemeier C\u00f3digo: CP-A-C-001 990\u20ac 870\u00a3 &nbsp;","_links":{"self":[{"href":"https:\/\/cplaart.com\/en\/wp-json\/wp\/v2\/product\/47","targetHints":{"allow":["GET"]}}],"collection":[{"href":"https:\/\/cplaart.com\/en\/wp-json\/wp\/v2\/product"}],"about":[{"href":"https:\/\/cplaart.com\/en\/wp-json\/wp\/v2\/types\/product"}],"replies":[{"embeddable":true,"href":"https:\/\/cplaart.com\/en\/wp-json\/wp\/v2\/comments?post=47"}],"wp:featuredmedia":[{"embeddable":true,"href":"https:\/\/cplaart.com\/en\/wp-json\/wp\/v2\/media\/904"}],"wp:attachment":[{"href":"https:\/\/cplaart.com\/en\/wp-json\/wp\/v2\/media?parent=47"}],"wp:term":[{"taxonomy":"product_brand","embeddable":true,"href":"https:\/\/cplaart.com\/en\/wp-json\/wp\/v2\/product_brand?post=47"},{"taxonomy":"product_cat","embeddable":true,"href":"https:\/\/cplaart.com\/en\/wp-json\/wp\/v2\/product_cat?post=47"},{"taxonomy":"product_tag","embeddable":true,"href":"https:\/\/cplaart.com\/en\/wp-json\/wp\/v2\/product_tag?post=47"}],"curies":[{"name":"wp","href":"https:\/\/api.w.org\/{rel}","templated":true}]}}