{"id":1087,"date":"2026-01-10T18:19:24","date_gmt":"2026-01-10T18:19:24","guid":{"rendered":"https:\/\/cplaart.com\/?post_type=product&#038;p=1087"},"modified":"2026-01-11T10:50:20","modified_gmt":"2026-01-11T10:50:20","slug":"composicion-suburbana","status":"publish","type":"product","link":"https:\/\/cplaart.com\/en\/product\/composicion-suburbana\/","title":{"rendered":"SUBURBAN COMPOSITION"},"content":{"rendered":"<p>La pieza plantea un umbral simb\u00f3lico entre lo construido y la noche, donde la mirada de una pareja se convierte en puente entre espectador y ciudad. Una inusual luna c\u00f3ncava, que absorbe en lugar de emitir luz, domina la escena. alrededor, s\u00edmbolos convexos remiten a arquetipos espirituales de vida y renacimiento.<\/p>","protected":false},"excerpt":{"rendered":"<ul>\n<li>Expressions<\/li>\n<li>Category: Abstract<\/li>\n<li>Year: 2025<\/li>\n<li>Dimensions:  50 x 50cm \/ 20 x 20 inch<\/li>\n<li>Technique: Acrylic - found materials, newspapers, fabrics on canvas<\/li>\n<li>Author: Carlos Pla Struchtemeier<\/li>\n<li>Code: CP-A-E-001<\/li>\n<li>\n<h3><strong>825<\/strong>\u20ac<\/h3>\n<\/li>\n<li>\n<h3><strong>720\u00a3<\/strong><\/h3>\n<\/li>\n<\/ul>","protected":false},"featured_media":1088,"comment_status":"open","ping_status":"closed","template":"","meta":{"om_disable_all_campaigns":false,"_uag_custom_page_level_css":"","_monsterinsights_skip_tracking":false,"_monsterinsights_sitenote_active":false,"_monsterinsights_sitenote_note":"","_monsterinsights_sitenote_category":0,"site-sidebar-layout":"default","site-content-layout":"","ast-site-content-layout":"default","site-content-style":"default","site-sidebar-style":"default","ast-global-header-display":"","ast-banner-title-visibility":"","ast-main-header-display":"","ast-hfb-above-header-display":"","ast-hfb-below-header-display":"","ast-hfb-mobile-header-display":"","site-post-title":"","ast-breadcrumbs-content":"","ast-featured-img":"","footer-sml-layout":"","theme-transparent-header-meta":"default","adv-header-id-meta":"","stick-header-meta":"","header-above-stick-meta":"","header-main-stick-meta":"","header-below-stick-meta":"","astra-migrate-meta-layouts":"set","ast-page-background-enabled":"default","ast-page-background-meta":{"desktop":{"background-color":"","background-image":"","background-repeat":"repeat","background-position":"center center","background-size":"auto","background-attachment":"scroll","background-type":"","background-media":"","overlay-type":"","overlay-color":"","overlay-opacity":"","overlay-gradient":""},"tablet":{"background-color":"","background-image":"","background-repeat":"repeat","background-position":"center center","background-size":"auto","background-attachment":"scroll","background-type":"","background-media":"","overlay-type":"","overlay-color":"","overlay-opacity":"","overlay-gradient":""},"mobile":{"background-color":"","background-image":"","background-repeat":"repeat","background-position":"center center","background-size":"auto","background-attachment":"scroll","background-type":"","background-media":"","overlay-type":"","overlay-color":"","overlay-opacity":"","overlay-gradient":""}},"ast-content-background-meta":{"desktop":{"background-color":"var(--ast-global-color-5)","background-image":"","background-repeat":"repeat","background-position":"center center","background-size":"auto","background-attachment":"scroll","background-type":"","background-media":"","overlay-type":"","overlay-color":"","overlay-opacity":"","overlay-gradient":""},"tablet":{"background-color":"var(--ast-global-color-5)","background-image":"","background-repeat":"repeat","background-position":"center center","background-size":"auto","background-attachment":"scroll","background-type":"","background-media":"","overlay-type":"","overlay-color":"","overlay-opacity":"","overlay-gradient":""},"mobile":{"background-color":"var(--ast-global-color-5)","background-image":"","background-repeat":"repeat","background-position":"center center","background-size":"auto","background-attachment":"scroll","background-type":"","background-media":"","overlay-type":"","overlay-color":"","overlay-opacity":"","overlay-gradient":""}}},"product_brand":[],"product_cat":[16],"product_tag":[],"class_list":{"0":"post-1087","1":"product","2":"type-product","3":"status-publish","4":"has-post-thumbnail","6":"product_cat-abstracto","7":"desktop-align-left","8":"tablet-align-left","9":"mobile-align-left","11":"first","12":"instock","13":"shipping-taxable","14":"product-type-simple"},"aioseo_notices":[],"uagb_featured_image_src":{"full":["https:\/\/cplaart.com\/wp-content\/uploads\/2026\/01\/CP-A-E-001-Carlos-Pla-Struchtemeier-Artist-SUBURBAN-COMPOSITION-Expresiones.jpg",1200,1195,false],"thumbnail":["https:\/\/cplaart.com\/wp-content\/uploads\/2026\/01\/CP-A-E-001-Carlos-Pla-Struchtemeier-Artist-SUBURBAN-COMPOSITION-Expresiones-150x150.jpg",150,150,true],"medium":["https:\/\/cplaart.com\/wp-content\/uploads\/2026\/01\/CP-A-E-001-Carlos-Pla-Struchtemeier-Artist-SUBURBAN-COMPOSITION-Expresiones-300x300.jpg",300,300,true],"medium_large":["https:\/\/cplaart.com\/wp-content\/uploads\/2026\/01\/CP-A-E-001-Carlos-Pla-Struchtemeier-Artist-SUBURBAN-COMPOSITION-Expresiones-768x765.jpg",768,765,true],"large":["https:\/\/cplaart.com\/wp-content\/uploads\/2026\/01\/CP-A-E-001-Carlos-Pla-Struchtemeier-Artist-SUBURBAN-COMPOSITION-Expresiones-1024x1020.jpg",1024,1020,true],"1536x1536":["https:\/\/cplaart.com\/wp-content\/uploads\/2026\/01\/CP-A-E-001-Carlos-Pla-Struchtemeier-Artist-SUBURBAN-COMPOSITION-Expresiones.jpg",1200,1195,false],"2048x2048":["https:\/\/cplaart.com\/wp-content\/uploads\/2026\/01\/CP-A-E-001-Carlos-Pla-Struchtemeier-Artist-SUBURBAN-COMPOSITION-Expresiones.jpg",1200,1195,false],"trp-custom-language-flag":["https:\/\/cplaart.com\/wp-content\/uploads\/2026\/01\/CP-A-E-001-Carlos-Pla-Struchtemeier-Artist-SUBURBAN-COMPOSITION-Expresiones-12x12.jpg",12,12,true],"woocommerce_thumbnail":["https:\/\/cplaart.com\/wp-content\/uploads\/2026\/01\/CP-A-E-001-Carlos-Pla-Struchtemeier-Artist-SUBURBAN-COMPOSITION-Expresiones-300x300.jpg",300,300,true],"woocommerce_single":["https:\/\/cplaart.com\/wp-content\/uploads\/2026\/01\/CP-A-E-001-Carlos-Pla-Struchtemeier-Artist-SUBURBAN-COMPOSITION-Expresiones-600x598.jpg",600,598,true],"woocommerce_gallery_thumbnail":["https:\/\/cplaart.com\/wp-content\/uploads\/2026\/01\/CP-A-E-001-Carlos-Pla-Struchtemeier-Artist-SUBURBAN-COMPOSITION-Expresiones-100x100.jpg",100,100,true]},"uagb_author_info":{"display_name":"Carlos Pla Struchtemeier","author_link":"https:\/\/cplaart.com\/en\/author\/"},"uagb_comment_info":0,"uagb_excerpt":"Serie : Expresiones Categoria: Abstracto A\u00f1o: 2025 Medidas: 50 x 50cm \/ 20 x 20 inch T\u00e9cnica: Acr\u00edlico y materiales encontrados y desechados, peri\u00f3dicos, tejidos sobre lienzo. Autor: Carlos Pla Struchtemeier C\u00f3digo: CP-A-E-001 825\u20ac 720\u00a3","_links":{"self":[{"href":"https:\/\/cplaart.com\/en\/wp-json\/wp\/v2\/product\/1087","targetHints":{"allow":["GET"]}}],"collection":[{"href":"https:\/\/cplaart.com\/en\/wp-json\/wp\/v2\/product"}],"about":[{"href":"https:\/\/cplaart.com\/en\/wp-json\/wp\/v2\/types\/product"}],"replies":[{"embeddable":true,"href":"https:\/\/cplaart.com\/en\/wp-json\/wp\/v2\/comments?post=1087"}],"wp:featuredmedia":[{"embeddable":true,"href":"https:\/\/cplaart.com\/en\/wp-json\/wp\/v2\/media\/1088"}],"wp:attachment":[{"href":"https:\/\/cplaart.com\/en\/wp-json\/wp\/v2\/media?parent=1087"}],"wp:term":[{"taxonomy":"product_brand","embeddable":true,"href":"https:\/\/cplaart.com\/en\/wp-json\/wp\/v2\/product_brand?post=1087"},{"taxonomy":"product_cat","embeddable":true,"href":"https:\/\/cplaart.com\/en\/wp-json\/wp\/v2\/product_cat?post=1087"},{"taxonomy":"product_tag","embeddable":true,"href":"https:\/\/cplaart.com\/en\/wp-json\/wp\/v2\/product_tag?post=1087"}],"curies":[{"name":"wp","href":"https:\/\/api.w.org\/{rel}","templated":true}]}}