{"id":608,"date":"2025-04-22T08:11:18","date_gmt":"2025-04-22T08:11:18","guid":{"rendered":"http:\/\/cplaart.com\/contact\/"},"modified":"2025-06-03T17:52:09","modified_gmt":"2025-06-03T17:52:09","slug":"contact","status":"publish","type":"page","link":"https:\/\/cplaart.com\/en\/contact\/","title":{"rendered":"Contact"},"content":{"rendered":"<div class=\"wp-block-uagb-container uagb-block-9678b419 alignfull uagb-is-root-container\"><div class=\"uagb-container-inner-blocks-wrap\">\n<div class=\"wp-block-uagb-advanced-heading uagb-block-59ed9e86\"><h1 class=\"uagb-heading-text\">Contact me<\/h1><\/div>\n\n\n<style id=\"wpforms-css-vars-773\">\n\t\t\t\t#wpforms-773 {\n\t\t\t\t\n\t\t\t}\n\t\t\t<\/style><div class=\"wpforms-container wpforms-container-full wpforms-render-modern\" id=\"wpforms-773\"><form id=\"wpforms-form-773\" class=\"wpforms-validate wpforms-form wpforms-ajax-form\" data-formid=\"773\" method=\"post\" enctype=\"multipart\/form-data\" action=\"\/en\/wp-json\/wp\/v2\/pages\/608\" data-token=\"2b5394af3d3e1b6d03fc6a873d96006e\" data-token-time=\"1775338677\" data-trp-original-action=\"\/en\/wp-json\/wp\/v2\/pages\/608\"><noscript class=\"wpforms-error-noscript\">Please enable JavaScript in your browser to complete this form.<\/noscript><div id=\"wpforms-error-noscript\" style=\"display: none;\">Please enable JavaScript in your browser to complete this form.<\/div><div class=\"wpforms-field-container\"><div id=\"wpforms-773-field_1-container\" class=\"wpforms-field wpforms-field-name\" data-field-id=\"1\"><fieldset><legend class=\"wpforms-field-label\">Name <span class=\"wpforms-required-label\" aria-hidden=\"true\">*<\/span><\/legend><div class=\"wpforms-field-row wpforms-field-medium\"><div class=\"wpforms-field-row-block wpforms-first wpforms-one-half\"><input type=\"text\" id=\"wpforms-773-field_1\" class=\"wpforms-field-name-first wpforms-field-required\" name=\"wpforms[fields][1][first]\" aria-errormessage=\"wpforms-773-field_1-error\" required><label for=\"wpforms-773-field_1\" class=\"wpforms-field-sublabel after\">First<\/label><\/div><div class=\"wpforms-field-row-block wpforms-one-half\"><input type=\"text\" id=\"wpforms-773-field_1-last\" class=\"wpforms-field-name-last wpforms-field-required\" name=\"wpforms[fields][1][last]\" aria-errormessage=\"wpforms-773-field_1-last-error\" required><label for=\"wpforms-773-field_1-last\" class=\"wpforms-field-sublabel after\">Last<\/label><\/div><\/div><\/fieldset><\/div><div id=\"wpforms-773-field_2-container\" class=\"wpforms-field wpforms-field-email\" data-field-id=\"2\"><label class=\"wpforms-field-label\" for=\"wpforms-773-field_2\">e-mail <span class=\"wpforms-required-label\" aria-hidden=\"true\">*<\/span><\/label><input type=\"email\" id=\"wpforms-773-field_2\" class=\"wpforms-field-medium wpforms-field-required\" name=\"wpforms[fields][2]\" spellcheck=\"false\" aria-errormessage=\"wpforms-773-field_2-error\" required><\/div>\t\t<div id=\"wpforms-773-field_4-container\"\n\t\t\tclass=\"wpforms-field wpforms-field-text\"\n\t\t\tdata-field-type=\"text\"\n\t\t\tdata-field-id=\"4\"\n\t\t\t>\n\t\t\t<label class=\"wpforms-field-label\" for=\"wpforms-773-field_4\" >Comentario Acuerdo mensaje<\/label>\n\t\t\t<input type=\"text\" id=\"wpforms-773-field_4\" class=\"wpforms-field-medium\" name=\"wpforms[fields][4]\" >\n\t\t<\/div>\n\t\t<div id=\"wpforms-773-field_3-container\" class=\"wpforms-field wpforms-field-textarea\" data-field-id=\"3\"><label class=\"wpforms-field-label\" for=\"wpforms-773-field_3\">Comment or message<\/label><textarea id=\"wpforms-773-field_3\" class=\"wpforms-field-medium\" name=\"wpforms[fields][3]\" aria-errormessage=\"wpforms-773-field_3-error\" ><\/textarea><\/div><div id=\"wpforms-773-field_5-container\" class=\"wpforms-field wpforms-field-gdpr-checkbox\" data-field-id=\"5\"><label class=\"wpforms-field-label\">GDPR Agreement <span class=\"wpforms-required-label\" aria-hidden=\"true\">*<\/span><\/label><ul id=\"wpforms-773-field_5\" class=\"wpforms-field-required\"><li class=\"choice-1\"><input type=\"checkbox\" id=\"wpforms-773-field_5_1\" name=\"wpforms[fields][5][]\" value=\"Doy mi consentimiento para que esta web almacene la informaci\u00f3n que env\u00edo para que puedan responder a mi petici\u00f3n.\" aria-errormessage=\"wpforms-773-field_5_1-error\" required><label class=\"wpforms-field-label-inline\" for=\"wpforms-773-field_5_1\">I consent to this website storing the information I submit so that they can respond to my request.<\/label><\/li><\/ul><\/div><script>\n\t\t\t\t( function() {\n\t\t\t\t\tconst style = document.createElement( 'style' );\n\t\t\t\t\tstyle.appendChild( document.createTextNode( '#wpforms-773-field_4-container { position: absolute !important; overflow: hidden !important; display: inline !important; height: 1px !important; width: 1px !important; z-index: -1000 !important; padding: 0 !important; } #wpforms-773-field_4-container input { visibility: hidden; } #wpforms-conversational-form-page #wpforms-773-field_4-container label { counter-increment: none; }' ) );\n\t\t\t\t\tdocument.head.appendChild( style );\n\t\t\t\t\tdocument.currentScript?.remove();\n\t\t\t\t} )();\n\t\t\t<\/script><\/div><!-- .wpforms-field-container --><div class=\"wpforms-submit-container\" ><input type=\"hidden\" name=\"wpforms[id]\" value=\"773\"><input type=\"hidden\" name=\"page_title\" value=\"\"><input type=\"hidden\" name=\"page_url\" value=\"https:\/\/cplaart.com\/en\/wp-json\/wp\/v2\/pages\/608\"><input type=\"hidden\" name=\"url_referer\" value=\"\"><button type=\"submit\" name=\"wpforms[submit]\" id=\"wpforms-submit-773\" class=\"wpforms-submit\" data-alt-text=\"Enviando...\" data-submit-text=\"Enviar\" aria-live=\"assertive\" value=\"wpforms-submit\">Send<\/button><img loading=\"lazy\" decoding=\"async\" src=\"https:\/\/cplaart.com\/wp-content\/plugins\/wpforms-lite\/assets\/images\/submit-spin.svg\" class=\"wpforms-submit-spinner\" style=\"display: none;\" width=\"26\" height=\"26\" alt=\"Loading\"><\/div><input type=\"hidden\" name=\"trp-form-language\" value=\"en\"\/><\/form><\/div>  <!-- .wpforms-container -->\n\n\n\n<p class=\"has-background has-small-font-size\" style=\"border-width:1px;background-color:#eaeaea\">Carlos Pla Struchtemeier (cplaart) - cplaart.com informs you that the personal data you provide us with by filling in this form will be processed by cplaart as the party responsible for this website.<br>The purpose of collecting and processing the personal data we request is to manage the request you make in this contact form. The legitimacy is carried out through the consent of the interested party. As user and interested party, we inform you that the data you provide will be located on the servers of HOSTINGER (hosting provider of cplart.com) which is located in the EU, a place whose levels of protection are adequate according to the EU Commission. <a href=\"https:\/\/www.webempresa.com\/aviso-legal.html\" target=\"_blank\" rel=\"noreferrer noopener\">A<\/a><a href=\"https:\/\/www.hostinger.com\/es\/legal\/politica-de-privacidad\" target=\"_blank\" rel=\"noopener\" title=\"\">viso legal y Pol\u00edtica de privacidad<\/a> de HOSTINGER<br>Failure to enter the personal data that appear on the form as compulsory may result in us not being able to deal with your request.<br>Podr\u00e1 ejercer sus derechos de acceso, rectificaci\u00f3n, limitaci\u00f3n, as\u00ed como suprimir los datos en INFO @ CPLAART. COM as\u00ed como el derecho a presentar una reclamaci\u00f3n ante una autoridad de control.<br>Puede consultar https:\/\/cplaart.com\/nuestra pol\u00edtica de privacidad.<\/p>\n<\/div><\/div>\n\n\n\n<div class=\"wp-block-uagb-container uagb-block-d11e268b alignfull uagb-is-root-container\"><div class=\"uagb-container-inner-blocks-wrap\">\n<div class=\"wp-block-uagb-advanced-heading uagb-block-c37d4d0f\"><h3 class=\"uagb-heading-text\">Do you want to discover my work?<\/h3><\/div>\n\n\n<div class=\"woocommerce columns-3\"><ul class=\"products columns-3\">\n<li class=\"product-category product first\">\n\t<a aria-label=\"Visit product category Abstracto\" href=\"https:\/\/cplaart.com\/en\/product-category\/abstracto\/\" data-no-translation-aria-label=\"\"><img loading=\"lazy\" decoding=\"async\" src=\"https:\/\/cplaart.com\/wp-content\/uploads\/2025\/05\/Captura-101.jpg\" alt=\"Abstracto\" width=\"300\" height=\"300\" srcset=\"https:\/\/cplaart.com\/wp-content\/uploads\/2025\/05\/Captura-101.jpg 265w, https:\/\/cplaart.com\/wp-content\/uploads\/2025\/05\/Captura-101-150x150.jpg 150w, https:\/\/cplaart.com\/wp-content\/uploads\/2025\/05\/Captura-101-100x100.jpg 100w\" sizes=\"auto, (max-width: 265px) 100vw, 265px\" \/>\t\t<h2 class=\"woocommerce-loop-category__title\">\n\t\t\tAbstract<mark class=\"count\">8 Products<\/mark>\t\t<\/h2>\n\t\t<\/a><\/li>\n<li class=\"product-category product\">\n\t<a aria-label=\"Visit product category Arquitectura\" href=\"https:\/\/cplaart.com\/en\/product-category\/arquitectura\/\" data-no-translation-aria-label=\"\"><img loading=\"lazy\" decoding=\"async\" src=\"https:\/\/cplaart.com\/wp-content\/uploads\/2025\/05\/CP-AQ-ET-006-Carlos-Pla-Struchtemeier-Artist-CENTRO-DE-LLAMADAS-Y-DISTRIBUCION-Espacios-De-Trabajo-300x300.jpg\" alt=\"Arquitectura\" width=\"300\" height=\"300\" srcset=\"https:\/\/cplaart.com\/wp-content\/uploads\/2025\/05\/CP-AQ-ET-006-Carlos-Pla-Struchtemeier-Artist-CENTRO-DE-LLAMADAS-Y-DISTRIBUCION-Espacios-De-Trabajo-300x300.jpg 300w, https:\/\/cplaart.com\/wp-content\/uploads\/2025\/05\/CP-AQ-ET-006-Carlos-Pla-Struchtemeier-Artist-CENTRO-DE-LLAMADAS-Y-DISTRIBUCION-Espacios-De-Trabajo-150x150.jpg 150w, https:\/\/cplaart.com\/wp-content\/uploads\/2025\/05\/CP-AQ-ET-006-Carlos-Pla-Struchtemeier-Artist-CENTRO-DE-LLAMADAS-Y-DISTRIBUCION-Espacios-De-Trabajo-768x768.jpg 768w, https:\/\/cplaart.com\/wp-content\/uploads\/2025\/05\/CP-AQ-ET-006-Carlos-Pla-Struchtemeier-Artist-CENTRO-DE-LLAMADAS-Y-DISTRIBUCION-Espacios-De-Trabajo-600x600.jpg 600w, https:\/\/cplaart.com\/wp-content\/uploads\/2025\/05\/CP-AQ-ET-006-Carlos-Pla-Struchtemeier-Artist-CENTRO-DE-LLAMADAS-Y-DISTRIBUCION-Espacios-De-Trabajo-100x100.jpg 100w, https:\/\/cplaart.com\/wp-content\/uploads\/2025\/05\/CP-AQ-ET-006-Carlos-Pla-Struchtemeier-Artist-CENTRO-DE-LLAMADAS-Y-DISTRIBUCION-Espacios-De-Trabajo.jpg 1000w\" sizes=\"auto, (max-width: 300px) 100vw, 300px\" \/>\t\t<h2 class=\"woocommerce-loop-category__title\">\n\t\t\tArchitecture<mark class=\"count\">4 Products<\/mark>\t\t<\/h2>\n\t\t<\/a><\/li>\n<li class=\"product-category product last\">\n\t<a aria-label=\"Visit product category Paisaje\" href=\"https:\/\/cplaart.com\/en\/product-category\/paisaje\/\" data-no-translation-aria-label=\"\"><img loading=\"lazy\" decoding=\"async\" src=\"https:\/\/cplaart.com\/wp-content\/uploads\/2025\/04\/CP-L-MT-001r-Carlos-Pla-Struchtemeier-Artist-300x300.jpg\" alt=\"Paisaje\" width=\"300\" height=\"300\" srcset=\"https:\/\/cplaart.com\/wp-content\/uploads\/2025\/04\/CP-L-MT-001r-Carlos-Pla-Struchtemeier-Artist-300x300.jpg 300w, https:\/\/cplaart.com\/wp-content\/uploads\/2025\/04\/CP-L-MT-001r-Carlos-Pla-Struchtemeier-Artist-150x150.jpg 150w, https:\/\/cplaart.com\/wp-content\/uploads\/2025\/04\/CP-L-MT-001r-Carlos-Pla-Struchtemeier-Artist-768x768.jpg 768w, https:\/\/cplaart.com\/wp-content\/uploads\/2025\/04\/CP-L-MT-001r-Carlos-Pla-Struchtemeier-Artist-600x600.jpg 600w, https:\/\/cplaart.com\/wp-content\/uploads\/2025\/04\/CP-L-MT-001r-Carlos-Pla-Struchtemeier-Artist-100x100.jpg 100w, https:\/\/cplaart.com\/wp-content\/uploads\/2025\/04\/CP-L-MT-001r-Carlos-Pla-Struchtemeier-Artist.jpg 1000w\" sizes=\"auto, (max-width: 300px) 100vw, 300px\" \/>\t\t<h2 class=\"woocommerce-loop-category__title\">\n\t\t\tLandscape<mark class=\"count\">14 Products<\/mark>\t\t<\/h2>\n\t\t<\/a><\/li>\n<li class=\"product-category product first\">\n\t<a aria-label=\"Visit product category Retrato\" href=\"https:\/\/cplaart.com\/en\/product-category\/retrato\/\" data-no-translation-aria-label=\"\"><img loading=\"lazy\" decoding=\"async\" src=\"https:\/\/cplaart.com\/wp-content\/uploads\/2025\/04\/CP-R-P-001-Carlos-Pla-Struchtemeier-Artist-LEOCADIA-Personal-300x300.jpg\" alt=\"Retrato\" width=\"300\" height=\"300\" srcset=\"https:\/\/cplaart.com\/wp-content\/uploads\/2025\/04\/CP-R-P-001-Carlos-Pla-Struchtemeier-Artist-LEOCADIA-Personal-300x300.jpg 300w, https:\/\/cplaart.com\/wp-content\/uploads\/2025\/04\/CP-R-P-001-Carlos-Pla-Struchtemeier-Artist-LEOCADIA-Personal-150x150.jpg 150w, https:\/\/cplaart.com\/wp-content\/uploads\/2025\/04\/CP-R-P-001-Carlos-Pla-Struchtemeier-Artist-LEOCADIA-Personal-768x768.jpg 768w, https:\/\/cplaart.com\/wp-content\/uploads\/2025\/04\/CP-R-P-001-Carlos-Pla-Struchtemeier-Artist-LEOCADIA-Personal-600x600.jpg 600w, https:\/\/cplaart.com\/wp-content\/uploads\/2025\/04\/CP-R-P-001-Carlos-Pla-Struchtemeier-Artist-LEOCADIA-Personal-100x100.jpg 100w, https:\/\/cplaart.com\/wp-content\/uploads\/2025\/04\/CP-R-P-001-Carlos-Pla-Struchtemeier-Artist-LEOCADIA-Personal.jpg 1000w\" sizes=\"auto, (max-width: 300px) 100vw, 300px\" \/>\t\t<h2 class=\"woocommerce-loop-category__title\">\n\t\t\tPortrait<mark class=\"count\">1 Product<\/mark>\t\t<\/h2>\n\t\t<\/a><\/li>\n<\/ul>\n<\/div>\n<\/div><\/div>","protected":false},"excerpt":{"rendered":"<p>Contacta conmigo\u200b Carlos Pla Struchtemeier (En adelante cplaart) \u2013 cplart.com te informa que los datos de car\u00e1cter personal que nos proporcione rellenando el presente formulario ser\u00e1n tratados por cplaart como responsable de esta web.La finalidad de la recogida y tratamiento de los datos personales que le solicitamos es para gestionar la solicitud que realizas en [&hellip;]<\/p>","protected":false},"author":1,"featured_media":0,"parent":0,"menu_order":0,"comment_status":"closed","ping_status":"closed","template":"","meta":{"om_disable_all_campaigns":false,"_uag_custom_page_level_css":"","_monsterinsights_skip_tracking":false,"_monsterinsights_sitenote_active":false,"_monsterinsights_sitenote_note":"","_monsterinsights_sitenote_category":0,"site-sidebar-layout":"default","site-content-layout":"page-builder","ast-site-content-layout":"full-width-container","site-content-style":"unboxed","site-sidebar-style":"unboxed","ast-global-header-display":"","ast-banner-title-visibility":"","ast-main-header-display":"","ast-hfb-above-header-display":"","ast-hfb-below-header-display":"","ast-hfb-mobile-header-display":"","site-post-title":"disabled","ast-breadcrumbs-content":"","ast-featured-img":"","footer-sml-layout":"","theme-transparent-header-meta":"","adv-header-id-meta":"","stick-header-meta":"","header-above-stick-meta":"","header-main-stick-meta":"","header-below-stick-meta":"","astra-migrate-meta-layouts":"set","ast-page-background-enabled":"default","ast-page-background-meta":{"desktop":{"background-color":"","background-image":"","background-repeat":"repeat","background-position":"center center","background-size":"auto","background-attachment":"scroll","background-type":"","background-media":"","overlay-type":"","overlay-color":"","overlay-opacity":"","overlay-gradient":""},"tablet":{"background-color":"","background-image":"","background-repeat":"repeat","background-position":"center center","background-size":"auto","background-attachment":"scroll","background-type":"","background-media":"","overlay-type":"","overlay-color":"","overlay-opacity":"","overlay-gradient":""},"mobile":{"background-color":"","background-image":"","background-repeat":"repeat","background-position":"center center","background-size":"auto","background-attachment":"scroll","background-type":"","background-media":"","overlay-type":"","overlay-color":"","overlay-opacity":"","overlay-gradient":""}},"ast-content-background-meta":{"desktop":{"background-color":"var(--ast-global-color-5)","background-image":"","background-repeat":"repeat","background-position":"center center","background-size":"auto","background-attachment":"scroll","background-type":"","background-media":"","overlay-type":"","overlay-color":"","overlay-opacity":"","overlay-gradient":""},"tablet":{"background-color":"var(--ast-global-color-5)","background-image":"","background-repeat":"repeat","background-position":"center center","background-size":"auto","background-attachment":"scroll","background-type":"","background-media":"","overlay-type":"","overlay-color":"","overlay-opacity":"","overlay-gradient":""},"mobile":{"background-color":"var(--ast-global-color-5)","background-image":"","background-repeat":"repeat","background-position":"center center","background-size":"auto","background-attachment":"scroll","background-type":"","background-media":"","overlay-type":"","overlay-color":"","overlay-opacity":"","overlay-gradient":""}},"footnotes":""},"class_list":["post-608","page","type-page","status-publish","hentry"],"aioseo_notices":[],"uagb_featured_image_src":{"full":false,"thumbnail":false,"medium":false,"medium_large":false,"large":false,"1536x1536":false,"2048x2048":false,"trp-custom-language-flag":false,"woocommerce_thumbnail":false,"woocommerce_single":false,"woocommerce_gallery_thumbnail":false},"uagb_author_info":{"display_name":"Carlos Pla Struchtemeier","author_link":"https:\/\/cplaart.com\/en\/author\/jazzberrishopgmail-com\/"},"uagb_comment_info":0,"uagb_excerpt":"Contacta conmigo\u200b Carlos Pla Struchtemeier (En adelante cplaart) \u2013 cplart.com te informa que los datos de car\u00e1cter personal que nos proporcione rellenando el presente formulario ser\u00e1n tratados por cplaart como responsable de esta web.La finalidad de la recogida y tratamiento de los datos personales que le solicitamos es para gestionar la solicitud que realizas en&hellip;","_links":{"self":[{"href":"https:\/\/cplaart.com\/en\/wp-json\/wp\/v2\/pages\/608","targetHints":{"allow":["GET"]}}],"collection":[{"href":"https:\/\/cplaart.com\/en\/wp-json\/wp\/v2\/pages"}],"about":[{"href":"https:\/\/cplaart.com\/en\/wp-json\/wp\/v2\/types\/page"}],"author":[{"embeddable":true,"href":"https:\/\/cplaart.com\/en\/wp-json\/wp\/v2\/users\/1"}],"replies":[{"embeddable":true,"href":"https:\/\/cplaart.com\/en\/wp-json\/wp\/v2\/comments?post=608"}],"version-history":[{"count":10,"href":"https:\/\/cplaart.com\/en\/wp-json\/wp\/v2\/pages\/608\/revisions"}],"predecessor-version":[{"id":1033,"href":"https:\/\/cplaart.com\/en\/wp-json\/wp\/v2\/pages\/608\/revisions\/1033"}],"wp:attachment":[{"href":"https:\/\/cplaart.com\/en\/wp-json\/wp\/v2\/media?parent=608"}],"curies":[{"name":"wp","href":"https:\/\/api.w.org\/{rel}","templated":true}]}}